{"id":588,"date":"2017-03-10T19:32:19","date_gmt":"2017-03-10T18:32:19","guid":{"rendered":"http:\/\/kromi-barky.de\/?page_id=588"},"modified":"2025-12-15T20:45:40","modified_gmt":"2025-12-15T19:45:40","slug":"spaziergaenge","status":"publish","type":"page","link":"https:\/\/sueggelkromis.de\/?page_id=588","title":{"rendered":"Spazierg\u00e4nge"},"content":{"rendered":"\n<p>In Dortmund und Umgebung gibt es einige <a href=\"http:\/\/www.kromfohrlaender.de\">Kromfohrl\u00e4nder<\/a>, deshalb haben <a href=\"https:\/\/www.zimtkromis.de\/\">Elke mit Casia von der Ruhrhalbinsel und Bebba vom wilden Zimt <\/a>und wir uns entschlossen, in Dortmund einen regelm\u00e4\u00dfigen Kromi-Spaziergang anzubieten.<\/p>\n\n\n\n<figure class=\"wp-block-image size-large\"><a href=\"https:\/\/sueggelkromis.de\/wp-content\/uploads\/2023\/11\/Kromi-DO-Einladung.jpg\"><img loading=\"lazy\" decoding=\"async\" width=\"819\" height=\"1024\" src=\"https:\/\/sueggelkromis.de\/wp-content\/uploads\/2023\/11\/Kromi-DO-Einladung-819x1024.jpg\" alt=\"\" class=\"wp-image-3223\" srcset=\"https:\/\/sueggelkromis.de\/wp-content\/uploads\/2023\/11\/Kromi-DO-Einladung-819x1024.jpg 819w, https:\/\/sueggelkromis.de\/wp-content\/uploads\/2023\/11\/Kromi-DO-Einladung-240x300.jpg 240w, https:\/\/sueggelkromis.de\/wp-content\/uploads\/2023\/11\/Kromi-DO-Einladung-768x960.jpg 768w, https:\/\/sueggelkromis.de\/wp-content\/uploads\/2023\/11\/Kromi-DO-Einladung-1229x1536.jpg 1229w, https:\/\/sueggelkromis.de\/wp-content\/uploads\/2023\/11\/Kromi-DO-Einladung-750x938.jpg 750w, https:\/\/sueggelkromis.de\/wp-content\/uploads\/2023\/11\/Kromi-DO-Einladung.jpg 1280w\" sizes=\"auto, (max-width: 819px) 100vw, 819px\" \/><\/a><\/figure>\n\n\n\n<p><\/p>\n\n\n\n<p>Die Hunde k\u00f6nnen gemeinsam toben und schn\u00fcffeln, die Menschen k\u00f6nnen sich \u00fcber ihren (Hunde-) Alltag austauschen und Kromi-Interessierte k\u00f6nnen sich ein Bild \u00fcber die Rasse und deren Vorz\u00fcge aber auch Eigenheiten machen.<\/p>\n\n\n\n<p>Barky, Casia und Doria von der Ruhrhalbinsel und Bebba vom wilden Zimt laden deshalb ab sofort alle Interessierten (mit und ohne Hund) zu einem monatlich stattfindenden Spaziergang von ca. 1,5 Stunden im Rahmer Wald und anschlie\u00dfender Einkehr im <a href=\"https:\/\/www.lebensart-cafe.de\/\">Caf\u00e9 Lebensart<\/a> ein.<\/p>\n\n\n\n<p>Wir freuen uns auf nette Kontakte.<\/p>\n\n\n\n<h4 class=\"wp-block-heading\"><strong><span style=\"color: #008080;\">Wer an unserer Dortmunder Kromi-Wanderung interessiert ist, kann sich gerne melden.<\/span><\/strong><\/h4>\n\n\n\n<h4 class=\"wp-block-heading\"><strong><span style=\"color: #008080;\">Die n\u00e4chsten Spazierg\u00e4nge finden am 17.01.2026 \/ 21.02.2026 \/ 14.03.2026 \/ 25.04.2026 \/ 30.05.2026 \/ 27.06.2026 statt. Der Treffpunkt wird nach Anmeldung bekannt gegeben.<br><\/span><\/strong><\/h4>\n\n\n\n<div class=\"wp-block-columns is-layout-flex wp-container-core-columns-is-layout-9d6595d7 wp-block-columns-is-layout-flex\">\n<div class=\"wp-block-column is-layout-flow wp-block-column-is-layout-flow\" style=\"flex-basis:100%\">\n<figure class=\"wp-block-gallery has-nested-images columns-default is-cropped wp-block-gallery-1 is-layout-flex wp-block-gallery-is-layout-flex\">\n<figure class=\"wp-block-image size-large\"><a href=\"https:\/\/sueggelkromis.de\/wp-content\/uploads\/2022\/05\/Dortmunder-Kromi-Spaziergang2.jpg\"><img decoding=\"async\" src=\"https:\/\/sueggelkromis.de\/wp-content\/uploads\/2022\/05\/Dortmunder-Kromi-Spaziergang2-1024x768.jpg\" alt=\"\"\/><\/a><\/figure>\n\n\n\n<figure class=\"wp-block-image size-large\"><a href=\"https:\/\/sueggelkromis.de\/wp-content\/uploads\/2022\/05\/Dortmunder-Kromi-Spaziergang.webp\"><img decoding=\"async\" src=\"https:\/\/sueggelkromis.de\/wp-content\/uploads\/2022\/05\/Dortmunder-Kromi-Spaziergang-1024x744.webp\" alt=\"\"\/><\/a><\/figure>\n\n\n\n<figure class=\"wp-block-image size-large\"><a href=\"https:\/\/sueggelkromis.de\/wp-content\/uploads\/2024\/12\/2024-12-07-0.jpg\"><img loading=\"lazy\" decoding=\"async\" width=\"1024\" height=\"768\" data-id=\"5038\" src=\"https:\/\/sueggelkromis.de\/wp-content\/uploads\/2024\/12\/2024-12-07-0-1024x768.jpg\" alt=\"\" class=\"wp-image-5038\" srcset=\"https:\/\/sueggelkromis.de\/wp-content\/uploads\/2024\/12\/2024-12-07-0-1024x768.jpg 1024w, https:\/\/sueggelkromis.de\/wp-content\/uploads\/2024\/12\/2024-12-07-0-300x225.jpg 300w, https:\/\/sueggelkromis.de\/wp-content\/uploads\/2024\/12\/2024-12-07-0-768x576.jpg 768w, https:\/\/sueggelkromis.de\/wp-content\/uploads\/2024\/12\/2024-12-07-0-1536x1152.jpg 1536w, https:\/\/sueggelkromis.de\/wp-content\/uploads\/2024\/12\/2024-12-07-0-1035x776.jpg 1035w, https:\/\/sueggelkromis.de\/wp-content\/uploads\/2024\/12\/2024-12-07-0.jpg 2000w\" sizes=\"auto, (max-width: 1024px) 100vw, 1024px\" \/><\/a><\/figure>\n\n\n\n<figure class=\"wp-block-image size-large\"><a href=\"https:\/\/kromi-barky.de\/wp-content\/uploads\/2022\/05\/Dortmunder-Kromi-Spaziergang1.webp\"><img decoding=\"async\" src=\"https:\/\/sueggelkromis.de\/wp-content\/uploads\/2022\/05\/Dortmunder-Kromi-Spaziergang1-768x1024.webp\" alt=\"\"\/><\/a><\/figure>\n<\/figure>\n<\/div>\n<\/div>\n","protected":false},"excerpt":{"rendered":"<p>In Dortmund und Umgebung gibt es einige Kromfohrl\u00e4nder, deshalb haben Elke mit Casia von der Ruhrhalbinsel und Bebba vom wilden Zimt und wir uns entschlossen, in Dortmund einen regelm\u00e4\u00dfigen Kromi-Spaziergang anzubieten. Die Hunde k\u00f6nnen gemeinsam toben und schn\u00fcffeln, die Menschen k\u00f6nnen sich \u00fcber ihren (Hunde-) Alltag austauschen und Kromi-Interessierte k\u00f6nnen sich ein Bild \u00fcber die &hellip; <\/p>\n<p><a class=\"more-link btn\" href=\"https:\/\/sueggelkromis.de\/?page_id=588\">Weiterlesen<\/a><\/p>\n","protected":false},"author":1,"featured_media":0,"parent":0,"menu_order":4,"comment_status":"closed","ping_status":"closed","template":"","meta":{"_monsterinsights_skip_tracking":false,"_monsterinsights_sitenote_active":false,"_monsterinsights_sitenote_note":"","_monsterinsights_sitenote_category":0,"footnotes":""},"class_list":["post-588","page","type-page","status-publish","hentry","nodate","item-wrap"],"_links":{"self":[{"href":"https:\/\/sueggelkromis.de\/index.php?rest_route=\/wp\/v2\/pages\/588","targetHints":{"allow":["GET"]}}],"collection":[{"href":"https:\/\/sueggelkromis.de\/index.php?rest_route=\/wp\/v2\/pages"}],"about":[{"href":"https:\/\/sueggelkromis.de\/index.php?rest_route=\/wp\/v2\/types\/page"}],"author":[{"embeddable":true,"href":"https:\/\/sueggelkromis.de\/index.php?rest_route=\/wp\/v2\/users\/1"}],"replies":[{"embeddable":true,"href":"https:\/\/sueggelkromis.de\/index.php?rest_route=%2Fwp%2Fv2%2Fcomments&post=588"}],"version-history":[{"count":67,"href":"https:\/\/sueggelkromis.de\/index.php?rest_route=\/wp\/v2\/pages\/588\/revisions"}],"predecessor-version":[{"id":7151,"href":"https:\/\/sueggelkromis.de\/index.php?rest_route=\/wp\/v2\/pages\/588\/revisions\/7151"}],"wp:attachment":[{"href":"https:\/\/sueggelkromis.de\/index.php?rest_route=%2Fwp%2Fv2%2Fmedia&parent=588"}],"curies":[{"name":"wp","href":"https:\/\/api.w.org\/{rel}","templated":true}]}}