{"id":5336,"date":"2025-02-19T13:25:23","date_gmt":"2025-02-19T12:25:23","guid":{"rendered":"https:\/\/sueggelkromis.de\/?page_id=5336"},"modified":"2026-04-03T21:27:21","modified_gmt":"2026-04-03T19:27:21","slug":"b-wurf","status":"publish","type":"page","link":"https:\/\/sueggelkromis.de\/?page_id=5336","title":{"rendered":"B-Wurf"},"content":{"rendered":"\n<p>Der B-Wurf vom S\u00fcggelbach wurde am 1. April 2026 in etwa 5 Stunden mit 8 R\u00fcden und 3 H\u00fcndinnen geboren. Leider musste ein weiterer R\u00fcde am n\u00e4chsten Tag tot und aufgrund Querlage per Kaiserschnitt geholt werden. Mit unseren 11 wundersch\u00f6nen kleinen Kromis ziehen wir nun die zweite kleine Fu\u00dfballmannschaft gro\u00df.<\/p>\n\n\n\n<figure class=\"wp-block-image size-large\"><a href=\"https:\/\/sueggelkromis.de\/wp-content\/uploads\/2026\/04\/IMG_1967-scaled.jpeg\"><img loading=\"lazy\" decoding=\"async\" width=\"768\" height=\"1024\" src=\"https:\/\/sueggelkromis.de\/wp-content\/uploads\/2026\/04\/IMG_1967-768x1024.jpeg\" alt=\"\" class=\"wp-image-7539\" srcset=\"https:\/\/sueggelkromis.de\/wp-content\/uploads\/2026\/04\/IMG_1967-768x1024.jpeg 768w, https:\/\/sueggelkromis.de\/wp-content\/uploads\/2026\/04\/IMG_1967-225x300.jpeg 225w, https:\/\/sueggelkromis.de\/wp-content\/uploads\/2026\/04\/IMG_1967-1152x1536.jpeg 1152w, https:\/\/sueggelkromis.de\/wp-content\/uploads\/2026\/04\/IMG_1967-1536x2048.jpeg 1536w, https:\/\/sueggelkromis.de\/wp-content\/uploads\/2026\/04\/IMG_1967-1035x1380.jpeg 1035w, https:\/\/sueggelkromis.de\/wp-content\/uploads\/2026\/04\/IMG_1967-scaled.jpeg 1920w\" sizes=\"auto, (max-width: 768px) 100vw, 768px\" \/><\/a><\/figure>\n\n\n\n<p><\/p>\n\n\n\n<p>Der Grundstein f\u00fcr unseren B-Wurf vom S\u00fcggelbach wurde am 30. und 31. Januar 2026 gelegt. Unsere Interessentenliste ist noch offen. Wenn du dir vorstellen kannst, einen S\u00fcggelkromi bei dir aufzunehmen, melde dich gerne jetzt schon \u00fcber unser <a href=\"https:\/\/sueggelkromis.de\/?page_id=3059\">Kontaktformular<\/a>, wir freuen uns auf ein Kennenlernen!<\/p>\n\n\n\n<figure class=\"wp-block-image size-large\"><a href=\"https:\/\/sueggelkromis.de\/wp-content\/uploads\/2026\/01\/49640915-198a-4d00-a461-6c17966a2719.jpeg\"><img loading=\"lazy\" decoding=\"async\" width=\"1152\" height=\"1536\" src=\"https:\/\/sueggelkromis.de\/wp-content\/uploads\/2026\/01\/49640915-198a-4d00-a461-6c17966a2719-edited.jpeg\" alt=\"\" class=\"wp-image-7227\" srcset=\"https:\/\/sueggelkromis.de\/wp-content\/uploads\/2026\/01\/49640915-198a-4d00-a461-6c17966a2719-edited.jpeg 1152w, https:\/\/sueggelkromis.de\/wp-content\/uploads\/2026\/01\/49640915-198a-4d00-a461-6c17966a2719-edited-225x300.jpeg 225w, https:\/\/sueggelkromis.de\/wp-content\/uploads\/2026\/01\/49640915-198a-4d00-a461-6c17966a2719-edited-768x1024.jpeg 768w, https:\/\/sueggelkromis.de\/wp-content\/uploads\/2026\/01\/49640915-198a-4d00-a461-6c17966a2719-edited-1035x1380.jpeg 1035w\" sizes=\"auto, (max-width: 1152px) 100vw, 1152px\" \/><\/a><\/figure>\n\n\n\n<p><\/p>\n\n\n\n<p>Mutter des B-Wurfs wird unsere Doria von der Ruhrhalbinsel:<\/p>\n\n\n\n<figure class=\"wp-block-image size-large\"><a href=\"https:\/\/sueggelkromis.de\/wp-content\/uploads\/2025\/02\/Doria-4-Jahre.jpg\"><img loading=\"lazy\" decoding=\"async\" width=\"1024\" height=\"682\" src=\"https:\/\/sueggelkromis.de\/wp-content\/uploads\/2025\/02\/Doria-4-Jahre-1024x682.jpg\" alt=\"\" class=\"wp-image-5338\" srcset=\"https:\/\/sueggelkromis.de\/wp-content\/uploads\/2025\/02\/Doria-4-Jahre-1024x682.jpg 1024w, https:\/\/sueggelkromis.de\/wp-content\/uploads\/2025\/02\/Doria-4-Jahre-300x200.jpg 300w, https:\/\/sueggelkromis.de\/wp-content\/uploads\/2025\/02\/Doria-4-Jahre-768x512.jpg 768w, https:\/\/sueggelkromis.de\/wp-content\/uploads\/2025\/02\/Doria-4-Jahre-1536x1023.jpg 1536w, https:\/\/sueggelkromis.de\/wp-content\/uploads\/2025\/02\/Doria-4-Jahre-1035x690.jpg 1035w, https:\/\/sueggelkromis.de\/wp-content\/uploads\/2025\/02\/Doria-4-Jahre.jpg 1600w\" sizes=\"auto, (max-width: 1024px) 100vw, 1024px\" \/><\/a><\/figure>\n\n\n\n<p><\/p>\n\n\n\n<p>Vater unseres B-Wurfs wird Dayko vom Herzighof<\/p>\n\n\n\n<figure class=\"wp-block-image size-large\"><a href=\"https:\/\/sueggelkromis.de\/wp-content\/uploads\/2025\/09\/b7dbf1bb-e069-40cc-84f0-0874905227a9.jpg\"><img loading=\"lazy\" decoding=\"async\" width=\"768\" height=\"1024\" src=\"https:\/\/sueggelkromis.de\/wp-content\/uploads\/2025\/09\/b7dbf1bb-e069-40cc-84f0-0874905227a9-768x1024.jpg\" alt=\"\" class=\"wp-image-6997\" srcset=\"https:\/\/sueggelkromis.de\/wp-content\/uploads\/2025\/09\/b7dbf1bb-e069-40cc-84f0-0874905227a9-768x1024.jpg 768w, https:\/\/sueggelkromis.de\/wp-content\/uploads\/2025\/09\/b7dbf1bb-e069-40cc-84f0-0874905227a9-225x300.jpg 225w, https:\/\/sueggelkromis.de\/wp-content\/uploads\/2025\/09\/b7dbf1bb-e069-40cc-84f0-0874905227a9-1152x1536.jpg 1152w, https:\/\/sueggelkromis.de\/wp-content\/uploads\/2025\/09\/b7dbf1bb-e069-40cc-84f0-0874905227a9-1035x1380.jpg 1035w, https:\/\/sueggelkromis.de\/wp-content\/uploads\/2025\/09\/b7dbf1bb-e069-40cc-84f0-0874905227a9.jpg 1200w\" sizes=\"auto, (max-width: 768px) 100vw, 768px\" \/><\/a><\/figure>\n\n\n\n<p><\/p>\n\n\n\n<p>Dayko wurde am 18. Oktober 2021 im Zwinger vom Herzighof als einer von 12 Welpen geboren und lebt mit seiner Familie in M\u00f6rlenbach, in der N\u00e4he von Heidelberg.<\/p>\n\n\n\n<p>Nicole und Steffen beschreiben Dayko wie folgt:<\/p>\n\n\n\n<p>Dayko erf\u00fcllt im Wesentlichen die rassetypischen Eigenschaften eines Kromis &#8211; \u201emy home is my Castle\u201c ist sein Motto. Alle, die Dayko zu seinem Rudel z\u00e4hlt, sind stets willkommen und werden freudig begr\u00fc\u00dft. Alle anderen m\u00fcssen sich erst seine Gunst erarbeiten. Unsere G\u00e4ste werden zur Begr\u00fc\u00dfung erst einmal angebellt. Dayko wei\u00df aber auch, dass er auf seinen ihm zugewiesenen Platz zu gehen hat und wartet dann, bis wir ihn \u201efreigeben\u201c. Wenn der Besuch erstmal ein paar Minuten da ist, ist Dayko dann auch ganz friedlich und sucht dann auch den Kontakt zum Besuch. Aber die grunds\u00e4tzliche Zur\u00fcckhaltung gegen\u00fcber Fremden ist da. Kleine Kinder mag er nicht oder findet sie suspekt. Er kennt das aber auch nicht wirklich. Unsere Kinder waren schon 15 und 16 Jahre alt, als Dayko zu uns kam.<\/p>\n\n\n\n<figure class=\"wp-block-gallery has-nested-images columns-default is-cropped wp-block-gallery-1 is-layout-flex wp-block-gallery-is-layout-flex\">\n<figure class=\"wp-block-image size-large\"><a href=\"https:\/\/sueggelkromis.de\/wp-content\/uploads\/2026\/01\/cb106263-a82e-43e0-b2b1-e4c7e3eca2d5.jpeg\"><img loading=\"lazy\" decoding=\"async\" width=\"768\" height=\"1024\" data-id=\"7220\" src=\"https:\/\/sueggelkromis.de\/wp-content\/uploads\/2026\/01\/cb106263-a82e-43e0-b2b1-e4c7e3eca2d5-768x1024.jpeg\" alt=\"\" class=\"wp-image-7220\" srcset=\"https:\/\/sueggelkromis.de\/wp-content\/uploads\/2026\/01\/cb106263-a82e-43e0-b2b1-e4c7e3eca2d5-768x1024.jpeg 768w, https:\/\/sueggelkromis.de\/wp-content\/uploads\/2026\/01\/cb106263-a82e-43e0-b2b1-e4c7e3eca2d5-225x300.jpeg 225w, https:\/\/sueggelkromis.de\/wp-content\/uploads\/2026\/01\/cb106263-a82e-43e0-b2b1-e4c7e3eca2d5-1152x1536.jpeg 1152w, https:\/\/sueggelkromis.de\/wp-content\/uploads\/2026\/01\/cb106263-a82e-43e0-b2b1-e4c7e3eca2d5-1035x1380.jpeg 1035w, https:\/\/sueggelkromis.de\/wp-content\/uploads\/2026\/01\/cb106263-a82e-43e0-b2b1-e4c7e3eca2d5.jpeg 1200w\" sizes=\"auto, (max-width: 768px) 100vw, 768px\" \/><\/a><\/figure>\n\n\n\n<figure class=\"wp-block-image size-large\"><a href=\"https:\/\/sueggelkromis.de\/wp-content\/uploads\/2025\/09\/99F7B3EA-C709-4212-B719-A34E6586D579-scaled.jpg\"><img loading=\"lazy\" decoding=\"async\" width=\"576\" height=\"1024\" data-id=\"6996\" src=\"https:\/\/sueggelkromis.de\/wp-content\/uploads\/2025\/09\/99F7B3EA-C709-4212-B719-A34E6586D579-576x1024.jpg\" alt=\"\" class=\"wp-image-6996\" srcset=\"https:\/\/sueggelkromis.de\/wp-content\/uploads\/2025\/09\/99F7B3EA-C709-4212-B719-A34E6586D579-576x1024.jpg 576w, https:\/\/sueggelkromis.de\/wp-content\/uploads\/2025\/09\/99F7B3EA-C709-4212-B719-A34E6586D579-169x300.jpg 169w, https:\/\/sueggelkromis.de\/wp-content\/uploads\/2025\/09\/99F7B3EA-C709-4212-B719-A34E6586D579-768x1365.jpg 768w, https:\/\/sueggelkromis.de\/wp-content\/uploads\/2025\/09\/99F7B3EA-C709-4212-B719-A34E6586D579-864x1536.jpg 864w, https:\/\/sueggelkromis.de\/wp-content\/uploads\/2025\/09\/99F7B3EA-C709-4212-B719-A34E6586D579-1152x2048.jpg 1152w, https:\/\/sueggelkromis.de\/wp-content\/uploads\/2025\/09\/99F7B3EA-C709-4212-B719-A34E6586D579-1035x1840.jpg 1035w, https:\/\/sueggelkromis.de\/wp-content\/uploads\/2025\/09\/99F7B3EA-C709-4212-B719-A34E6586D579-scaled.jpg 1440w\" sizes=\"auto, (max-width: 576px) 100vw, 576px\" \/><\/a><\/figure>\n\n\n\n<figure class=\"wp-block-image size-large\"><a href=\"https:\/\/sueggelkromis.de\/wp-content\/uploads\/2025\/09\/IMG_6731-scaled.jpg\"><img loading=\"lazy\" decoding=\"async\" width=\"768\" height=\"1024\" data-id=\"7000\" src=\"https:\/\/sueggelkromis.de\/wp-content\/uploads\/2025\/09\/IMG_6731-768x1024.jpg\" alt=\"\" class=\"wp-image-7000\" srcset=\"https:\/\/sueggelkromis.de\/wp-content\/uploads\/2025\/09\/IMG_6731-768x1024.jpg 768w, https:\/\/sueggelkromis.de\/wp-content\/uploads\/2025\/09\/IMG_6731-225x300.jpg 225w, https:\/\/sueggelkromis.de\/wp-content\/uploads\/2025\/09\/IMG_6731-1152x1536.jpg 1152w, https:\/\/sueggelkromis.de\/wp-content\/uploads\/2025\/09\/IMG_6731-1536x2048.jpg 1536w, https:\/\/sueggelkromis.de\/wp-content\/uploads\/2025\/09\/IMG_6731-1035x1380.jpg 1035w, https:\/\/sueggelkromis.de\/wp-content\/uploads\/2025\/09\/IMG_6731-scaled.jpg 1920w\" sizes=\"auto, (max-width: 768px) 100vw, 768px\" \/><\/a><\/figure>\n<\/figure>\n\n\n\n<p><\/p>\n\n\n\n<p>Er ist ein sehr verschmuster Hund, der sich zeitweise als Clown oder K\u00e4nguru f\u00fchlt. Entgegen der Rassebeschreibung ist er nicht nur auf eine bestimmte Person der Familie fixiert. Mal ist das eine, mal ein anderes Familienmitglied im Fokus. Neben kleinen Kindern z\u00e4hlen andere R\u00fcden auch nicht unbedingt zu Dayko\u2019s Freundeskreis. Mit H\u00fcndinnen hat er dagegen keine Probleme. Sie d\u00fcrfen so ziemlich alles,&nbsp;nur nicht zu aufdringlich sein. Wir machen mit Dayko Mantrailing, was ihm total viel Spa\u00df macht und er schon ganz ungeduldig wird, wenn er den Rucksack sieht, den wir immer mit zum trailen nehmen. Dayko kann gut alleine sein und stellt auch in dieser Zeit nichts an. Er ist gerne aktiv, es ist f\u00fcr ihn aber auch o.k. wenn es mal ruhiger ist oder der Auslauf mal k\u00fcrzer ausf\u00e4llt. Au\u00dferhalb der Wohnung ist Dayko sehr unkompliziert. Autofahren, Einladungen,&nbsp;Restaurantbesuche u.\u00e4. sind mit ihm problemlos m\u00f6glich<\/p>\n\n\n\n<figure class=\"wp-block-gallery has-nested-images columns-default is-cropped wp-block-gallery-2 is-layout-flex wp-block-gallery-is-layout-flex\">\n<figure class=\"wp-block-image size-large\"><a href=\"https:\/\/sueggelkromis.de\/wp-content\/uploads\/2026\/01\/b055b5e8-fe4e-43f4-9ce7-bedca4595e1f.jpeg\"><img loading=\"lazy\" decoding=\"async\" width=\"576\" height=\"1024\" data-id=\"7223\" src=\"https:\/\/sueggelkromis.de\/wp-content\/uploads\/2026\/01\/b055b5e8-fe4e-43f4-9ce7-bedca4595e1f-576x1024.jpeg\" alt=\"\" class=\"wp-image-7223\" srcset=\"https:\/\/sueggelkromis.de\/wp-content\/uploads\/2026\/01\/b055b5e8-fe4e-43f4-9ce7-bedca4595e1f-576x1024.jpeg 576w, https:\/\/sueggelkromis.de\/wp-content\/uploads\/2026\/01\/b055b5e8-fe4e-43f4-9ce7-bedca4595e1f-169x300.jpeg 169w, https:\/\/sueggelkromis.de\/wp-content\/uploads\/2026\/01\/b055b5e8-fe4e-43f4-9ce7-bedca4595e1f-768x1365.jpeg 768w, https:\/\/sueggelkromis.de\/wp-content\/uploads\/2026\/01\/b055b5e8-fe4e-43f4-9ce7-bedca4595e1f-864x1536.jpeg 864w, https:\/\/sueggelkromis.de\/wp-content\/uploads\/2026\/01\/b055b5e8-fe4e-43f4-9ce7-bedca4595e1f-1035x1840.jpeg 1035w, https:\/\/sueggelkromis.de\/wp-content\/uploads\/2026\/01\/b055b5e8-fe4e-43f4-9ce7-bedca4595e1f.jpeg 1152w\" sizes=\"auto, (max-width: 576px) 100vw, 576px\" \/><\/a><\/figure>\n\n\n\n<figure class=\"wp-block-image size-large\"><a href=\"https:\/\/sueggelkromis.de\/wp-content\/uploads\/2025\/09\/IMG_6064-scaled.jpg\"><img loading=\"lazy\" decoding=\"async\" width=\"693\" height=\"1024\" data-id=\"6998\" src=\"https:\/\/sueggelkromis.de\/wp-content\/uploads\/2025\/09\/IMG_6064-693x1024.jpg\" alt=\"\" class=\"wp-image-6998\" srcset=\"https:\/\/sueggelkromis.de\/wp-content\/uploads\/2025\/09\/IMG_6064-693x1024.jpg 693w, https:\/\/sueggelkromis.de\/wp-content\/uploads\/2025\/09\/IMG_6064-203x300.jpg 203w, https:\/\/sueggelkromis.de\/wp-content\/uploads\/2025\/09\/IMG_6064-768x1135.jpg 768w, https:\/\/sueggelkromis.de\/wp-content\/uploads\/2025\/09\/IMG_6064-1040x1536.jpg 1040w, https:\/\/sueggelkromis.de\/wp-content\/uploads\/2025\/09\/IMG_6064-1386x2048.jpg 1386w, https:\/\/sueggelkromis.de\/wp-content\/uploads\/2025\/09\/IMG_6064-1035x1529.jpg 1035w, https:\/\/sueggelkromis.de\/wp-content\/uploads\/2025\/09\/IMG_6064-scaled.jpg 1733w\" sizes=\"auto, (max-width: 693px) 100vw, 693px\" \/><\/a><\/figure>\n\n\n\n<figure class=\"wp-block-image size-large\"><a href=\"https:\/\/sueggelkromis.de\/wp-content\/uploads\/2025\/09\/IMG_6738-scaled.jpg\"><img loading=\"lazy\" decoding=\"async\" width=\"768\" height=\"1024\" data-id=\"7001\" src=\"https:\/\/sueggelkromis.de\/wp-content\/uploads\/2025\/09\/IMG_6738-768x1024.jpg\" alt=\"\" class=\"wp-image-7001\" srcset=\"https:\/\/sueggelkromis.de\/wp-content\/uploads\/2025\/09\/IMG_6738-768x1024.jpg 768w, https:\/\/sueggelkromis.de\/wp-content\/uploads\/2025\/09\/IMG_6738-225x300.jpg 225w, https:\/\/sueggelkromis.de\/wp-content\/uploads\/2025\/09\/IMG_6738-1152x1536.jpg 1152w, https:\/\/sueggelkromis.de\/wp-content\/uploads\/2025\/09\/IMG_6738-1536x2048.jpg 1536w, https:\/\/sueggelkromis.de\/wp-content\/uploads\/2025\/09\/IMG_6738-1035x1380.jpg 1035w, https:\/\/sueggelkromis.de\/wp-content\/uploads\/2025\/09\/IMG_6738-scaled.jpg 1920w\" sizes=\"auto, (max-width: 768px) 100vw, 768px\" \/><\/a><\/figure>\n\n\n\n<figure class=\"wp-block-image size-large\"><a href=\"https:\/\/sueggelkromis.de\/wp-content\/uploads\/2025\/09\/IMG_7802-scaled.jpg\"><img loading=\"lazy\" decoding=\"async\" width=\"768\" height=\"1024\" data-id=\"7009\" src=\"https:\/\/sueggelkromis.de\/wp-content\/uploads\/2025\/09\/IMG_7802-768x1024.jpg\" alt=\"\" class=\"wp-image-7009\" srcset=\"https:\/\/sueggelkromis.de\/wp-content\/uploads\/2025\/09\/IMG_7802-768x1024.jpg 768w, https:\/\/sueggelkromis.de\/wp-content\/uploads\/2025\/09\/IMG_7802-225x300.jpg 225w, https:\/\/sueggelkromis.de\/wp-content\/uploads\/2025\/09\/IMG_7802-1152x1536.jpg 1152w, https:\/\/sueggelkromis.de\/wp-content\/uploads\/2025\/09\/IMG_7802-1536x2048.jpg 1536w, https:\/\/sueggelkromis.de\/wp-content\/uploads\/2025\/09\/IMG_7802-1035x1380.jpg 1035w, https:\/\/sueggelkromis.de\/wp-content\/uploads\/2025\/09\/IMG_7802-scaled.jpg 1920w\" sizes=\"auto, (max-width: 768px) 100vw, 768px\" \/><\/a><\/figure>\n\n\n\n<figure class=\"wp-block-image size-large\"><a href=\"https:\/\/sueggelkromis.de\/wp-content\/uploads\/2025\/09\/IMG_6830-scaled.jpg\"><img loading=\"lazy\" decoding=\"async\" width=\"768\" height=\"1024\" data-id=\"7002\" src=\"https:\/\/sueggelkromis.de\/wp-content\/uploads\/2025\/09\/IMG_6830-768x1024.jpg\" alt=\"\" class=\"wp-image-7002\" srcset=\"https:\/\/sueggelkromis.de\/wp-content\/uploads\/2025\/09\/IMG_6830-768x1024.jpg 768w, https:\/\/sueggelkromis.de\/wp-content\/uploads\/2025\/09\/IMG_6830-225x300.jpg 225w, https:\/\/sueggelkromis.de\/wp-content\/uploads\/2025\/09\/IMG_6830-1152x1536.jpg 1152w, https:\/\/sueggelkromis.de\/wp-content\/uploads\/2025\/09\/IMG_6830-1536x2048.jpg 1536w, https:\/\/sueggelkromis.de\/wp-content\/uploads\/2025\/09\/IMG_6830-1035x1380.jpg 1035w, https:\/\/sueggelkromis.de\/wp-content\/uploads\/2025\/09\/IMG_6830-scaled.jpg 1920w\" sizes=\"auto, (max-width: 768px) 100vw, 768px\" \/><\/a><\/figure>\n\n\n\n<figure class=\"wp-block-image size-large\"><a href=\"https:\/\/sueggelkromis.de\/wp-content\/uploads\/2025\/09\/IMG_7403-scaled.jpg\"><img loading=\"lazy\" decoding=\"async\" width=\"768\" height=\"1024\" data-id=\"7006\" src=\"https:\/\/sueggelkromis.de\/wp-content\/uploads\/2025\/09\/IMG_7403-768x1024.jpg\" alt=\"\" class=\"wp-image-7006\" srcset=\"https:\/\/sueggelkromis.de\/wp-content\/uploads\/2025\/09\/IMG_7403-768x1024.jpg 768w, https:\/\/sueggelkromis.de\/wp-content\/uploads\/2025\/09\/IMG_7403-225x300.jpg 225w, https:\/\/sueggelkromis.de\/wp-content\/uploads\/2025\/09\/IMG_7403-1152x1536.jpg 1152w, https:\/\/sueggelkromis.de\/wp-content\/uploads\/2025\/09\/IMG_7403-1536x2048.jpg 1536w, https:\/\/sueggelkromis.de\/wp-content\/uploads\/2025\/09\/IMG_7403-1035x1380.jpg 1035w, https:\/\/sueggelkromis.de\/wp-content\/uploads\/2025\/09\/IMG_7403-scaled.jpg 1920w\" sizes=\"auto, (max-width: 768px) 100vw, 768px\" \/><\/a><\/figure>\n<\/figure>\n\n\n\n<p><\/p>\n\n\n\n<p>Den Deckakt haben die beiden instinktsicher vollzogen und wir erwarten Anfang April unseren B-Wurf.<\/p>\n\n\n\n<figure class=\"wp-block-image size-large\"><a href=\"https:\/\/sueggelkromis.de\/wp-content\/uploads\/2026\/01\/d799dffb-8444-4c7c-90a3-6914f8ee2378.jpeg\"><img loading=\"lazy\" decoding=\"async\" width=\"1024\" height=\"576\" src=\"https:\/\/sueggelkromis.de\/wp-content\/uploads\/2026\/01\/d799dffb-8444-4c7c-90a3-6914f8ee2378-1024x576.jpeg\" alt=\"\" class=\"wp-image-7219\" srcset=\"https:\/\/sueggelkromis.de\/wp-content\/uploads\/2026\/01\/d799dffb-8444-4c7c-90a3-6914f8ee2378-1024x576.jpeg 1024w, https:\/\/sueggelkromis.de\/wp-content\/uploads\/2026\/01\/d799dffb-8444-4c7c-90a3-6914f8ee2378-300x169.jpeg 300w, https:\/\/sueggelkromis.de\/wp-content\/uploads\/2026\/01\/d799dffb-8444-4c7c-90a3-6914f8ee2378-768x432.jpeg 768w, https:\/\/sueggelkromis.de\/wp-content\/uploads\/2026\/01\/d799dffb-8444-4c7c-90a3-6914f8ee2378-1536x864.jpeg 1536w, https:\/\/sueggelkromis.de\/wp-content\/uploads\/2026\/01\/d799dffb-8444-4c7c-90a3-6914f8ee2378-1035x582.jpeg 1035w, https:\/\/sueggelkromis.de\/wp-content\/uploads\/2026\/01\/d799dffb-8444-4c7c-90a3-6914f8ee2378.jpeg 2048w\" sizes=\"auto, (max-width: 1024px) 100vw, 1024px\" \/><\/a><\/figure>\n\n\n\n<p><\/p>\n\n\n\n<p>Der <a href=\"https:\/\/kromfohrlaender.de\/\">Rassezuchtverein der Kromfohrl\u00e4nder e. V.<\/a> hat unserer R\u00fcdenauswahl ohne Einw\u00e4nde zugestimmt. Wir haben alle Grenzwerte der Zuchtbestimmungen deutlich unterschritten, aktuelle Gentests ebenfalls bei der Wurfplanung ber\u00fccksichtigt und erwarten gesunde und reinrassige Glatthaar-Kromfohrl\u00e4nder-Welpen.<\/p>\n","protected":false},"excerpt":{"rendered":"<p>Der B-Wurf vom S\u00fcggelbach wurde am 1. April 2026 in etwa 5 Stunden mit 8 R\u00fcden und 3 H\u00fcndinnen geboren. Leider musste ein weiterer R\u00fcde am n\u00e4chsten Tag tot und aufgrund Querlage per Kaiserschnitt geholt werden. Mit unseren 11 wundersch\u00f6nen kleinen Kromis ziehen wir nun die zweite kleine Fu\u00dfballmannschaft gro\u00df. Der Grundstein f\u00fcr unseren B-Wurf &hellip; <\/p>\n<p><a class=\"more-link btn\" href=\"https:\/\/sueggelkromis.de\/?page_id=5336\">Weiterlesen<\/a><\/p>\n","protected":false},"author":2,"featured_media":7217,"parent":2910,"menu_order":2,"comment_status":"closed","ping_status":"closed","template":"","meta":{"_monsterinsights_skip_tracking":false,"_monsterinsights_sitenote_active":false,"_monsterinsights_sitenote_note":"","_monsterinsights_sitenote_category":0,"footnotes":""},"class_list":["post-5336","page","type-page","status-publish","has-post-thumbnail","hentry","nodate","item-wrap"],"_links":{"self":[{"href":"https:\/\/sueggelkromis.de\/index.php?rest_route=\/wp\/v2\/pages\/5336","targetHints":{"allow":["GET"]}}],"collection":[{"href":"https:\/\/sueggelkromis.de\/index.php?rest_route=\/wp\/v2\/pages"}],"about":[{"href":"https:\/\/sueggelkromis.de\/index.php?rest_route=\/wp\/v2\/types\/page"}],"author":[{"embeddable":true,"href":"https:\/\/sueggelkromis.de\/index.php?rest_route=\/wp\/v2\/users\/2"}],"replies":[{"embeddable":true,"href":"https:\/\/sueggelkromis.de\/index.php?rest_route=%2Fwp%2Fv2%2Fcomments&post=5336"}],"version-history":[{"count":8,"href":"https:\/\/sueggelkromis.de\/index.php?rest_route=\/wp\/v2\/pages\/5336\/revisions"}],"predecessor-version":[{"id":7552,"href":"https:\/\/sueggelkromis.de\/index.php?rest_route=\/wp\/v2\/pages\/5336\/revisions\/7552"}],"up":[{"embeddable":true,"href":"https:\/\/sueggelkromis.de\/index.php?rest_route=\/wp\/v2\/pages\/2910"}],"wp:featuredmedia":[{"embeddable":true,"href":"https:\/\/sueggelkromis.de\/index.php?rest_route=\/wp\/v2\/media\/7217"}],"wp:attachment":[{"href":"https:\/\/sueggelkromis.de\/index.php?rest_route=%2Fwp%2Fv2%2Fmedia&parent=5336"}],"curies":[{"name":"wp","href":"https:\/\/api.w.org\/{rel}","templated":true}]}}