{"id":3059,"date":"2023-10-29T16:00:40","date_gmt":"2023-10-29T15:00:40","guid":{"rendered":"https:\/\/sueggelkromis.de\/?page_id=3059"},"modified":"2023-10-29T16:20:08","modified_gmt":"2023-10-29T15:20:08","slug":"kontakt","status":"publish","type":"page","link":"https:\/\/sueggelkromis.de\/?page_id=3059","title":{"rendered":"Kontakt"},"content":{"rendered":"\n<p>Wenn Sie Fragen oder Interesse an unseren Welpen haben, nutzen Sie bitte&nbsp;unser&nbsp;Kontaktformular.<\/p>\n\n\n\n<p>Wir freuen uns auch \u00fcber ein paar Informationen \u00fcber sich und Ihre Situation.&nbsp;<\/p>\n\n\n\n<p>Wir melden uns schnellstm\u00f6glich bei Ihnen.&nbsp;<\/p>\n\n\n\n<p>Vielen Dank!<\/p>\n\n\n<div class=\"wpforms-container wpforms-container-full wpforms-block wpforms-block-c62c7cc6-f731-4003-b7f7-f33376453137 wpforms-render-modern\" id=\"wpforms-3075\"><form id=\"wpforms-form-3075\" class=\"wpforms-validate wpforms-form wpforms-ajax-form\" data-formid=\"3075\" method=\"post\" enctype=\"multipart\/form-data\" action=\"\/index.php?rest_route=%2Fwp%2Fv2%2Fpages%2F3059\" data-token=\"8c53aeed8d2a968abdb28a50ce4c0a4c\" data-token-time=\"1776324221\"><noscript class=\"wpforms-error-noscript\">Bitte aktiviere JavaScript in deinem Browser, um dieses Formular fertigzustellen.<\/noscript><div id=\"wpforms-error-noscript\" style=\"display: none;\">Bitte aktiviere JavaScript in deinem Browser, um dieses Formular fertigzustellen.<\/div><div class=\"wpforms-field-container\"><div id=\"wpforms-3075-field_0-container\" class=\"wpforms-field wpforms-field-name\" data-field-id=\"0\"><fieldset><legend class=\"wpforms-field-label\">Name <span class=\"wpforms-required-label\" aria-hidden=\"true\">*<\/span><\/legend><div class=\"wpforms-field-row wpforms-field-medium\"><div class=\"wpforms-field-row-block wpforms-first wpforms-one-half\"><input type=\"text\" id=\"wpforms-3075-field_0\" class=\"wpforms-field-name-first wpforms-field-required\" name=\"wpforms[fields][0][first]\" aria-errormessage=\"wpforms-3075-field_0-error\" required><label for=\"wpforms-3075-field_0\" class=\"wpforms-field-sublabel after\">Vorname<\/label><\/div><div class=\"wpforms-field-row-block wpforms-one-half\"><input type=\"text\" id=\"wpforms-3075-field_0-last\" class=\"wpforms-field-name-last wpforms-field-required\" name=\"wpforms[fields][0][last]\" aria-errormessage=\"wpforms-3075-field_0-last-error\" required><label for=\"wpforms-3075-field_0-last\" class=\"wpforms-field-sublabel after\">Nachname<\/label><\/div><\/div><\/fieldset><\/div><div id=\"wpforms-3075-field_1-container\" class=\"wpforms-field wpforms-field-email\" data-field-id=\"1\"><label class=\"wpforms-field-label\" for=\"wpforms-3075-field_1\">E-Mail-Adresse <span class=\"wpforms-required-label\" aria-hidden=\"true\">*<\/span><\/label><input type=\"email\" id=\"wpforms-3075-field_1\" class=\"wpforms-field-medium wpforms-field-required\" name=\"wpforms[fields][1]\" spellcheck=\"false\" aria-errormessage=\"wpforms-3075-field_1-error\" required><\/div><div id=\"wpforms-3075-field_2-container\" class=\"wpforms-field wpforms-field-textarea\" data-field-id=\"2\"><label class=\"wpforms-field-label\" for=\"wpforms-3075-field_2\">Nachricht <span class=\"wpforms-required-label\" aria-hidden=\"true\">*<\/span><\/label><textarea id=\"wpforms-3075-field_2\" class=\"wpforms-field-medium wpforms-field-required\" name=\"wpforms[fields][2]\" aria-errormessage=\"wpforms-3075-field_2-error\" required><\/textarea><\/div><\/div><!-- .wpforms-field-container -->\r\n\t\t\t<script>\r\n\t\t\tif ( typeof huOptions !== 'undefined' ) {\r\n\t\t\t\tvar huFormData = {\"source\":\"wpforms\",\"id\":3075,\"title\":\"Einfaches Kontaktformular\",\"fields\":{\"subject\":{\"first_name\":\"\",\"last_name\":\"\"}}};\r\n\t\t\t\tvar huFormNode = document.querySelector( '[id=\"wpforms-3075\"] form' );\r\n\r\n\t\t\t\tvar firstName = huFormNode.querySelector( 'input.wpforms-field-name-first' );\r\n\t\t\t\tvar lastName = huFormNode.querySelector( 'input.wpforms-field-name-last' );\r\n\r\n\t\t\t\tif ( firstName )\r\n\t\t\t\t\thuFormData['fields']['subject']['first_name'] = firstName.getAttribute( 'name' );\r\n\r\n\t\t\t\tif ( lastName )\r\n\t\t\t\t\thuFormData['fields']['subject']['last_name'] = lastName.getAttribute( 'name' );\r\n\r\n\t\t\t\thuFormData['node'] = huFormNode;\r\n\t\t\t\thuOptions['forms'].push( huFormData );\r\n\t\t\t}\r\n\t\t\t<\/script><div class=\"wpforms-submit-container\" ><input type=\"hidden\" name=\"wpforms[id]\" value=\"3075\"><input type=\"hidden\" name=\"page_title\" value=\"\"><input type=\"hidden\" name=\"page_url\" value=\"https:\/\/sueggelkromis.de\/index.php?rest_route=\/wp\/v2\/pages\/3059\"><input type=\"hidden\" name=\"url_referer\" value=\"\"><button type=\"submit\" name=\"wpforms[submit]\" id=\"wpforms-submit-3075\" class=\"wpforms-submit\" data-alt-text=\"Wird gesendet\u00a0\u2026\" data-submit-text=\"Absenden\" aria-live=\"assertive\" value=\"wpforms-submit\">Absenden<\/button><img loading=\"lazy\" decoding=\"async\" src=\"https:\/\/sueggelkromis.de\/wp-content\/plugins\/wpforms-lite\/assets\/images\/submit-spin.svg\" class=\"wpforms-submit-spinner\" style=\"display: none;\" width=\"26\" height=\"26\" alt=\"Wird geladen\"><\/div><\/form><\/div>  <!-- .wpforms-container -->\n\n\n<p>Es gilt unsere <a href=\"https:\/\/sueggelkromis.de\/?page_id=1130\">Datenschutzerkl\u00e4rung<\/a>.<\/p>\n\n\n\n<p><strong>Hinweis:<\/strong>&nbsp;Bitte die mit&nbsp;*&nbsp;gekennzeichneten Felder ausf\u00fcllen.<\/p>\n\n\n","protected":false},"excerpt":{"rendered":"<p>Wenn Sie Fragen oder Interesse an unseren Welpen haben, nutzen Sie bitte&nbsp;unser&nbsp;Kontaktformular. Wir freuen uns auch \u00fcber ein paar Informationen \u00fcber sich und Ihre Situation.&nbsp; Wir melden uns schnellstm\u00f6glich bei Ihnen.&nbsp; Vielen Dank! Es gilt unsere Datenschutzerkl\u00e4rung. Hinweis:&nbsp;Bitte die mit&nbsp;*&nbsp;gekennzeichneten Felder ausf\u00fcllen.<\/p>\n","protected":false},"author":2,"featured_media":0,"parent":0,"menu_order":6,"comment_status":"closed","ping_status":"closed","template":"","meta":{"_monsterinsights_skip_tracking":false,"_monsterinsights_sitenote_active":false,"_monsterinsights_sitenote_note":"","_monsterinsights_sitenote_category":0,"footnotes":""},"class_list":["post-3059","page","type-page","status-publish","hentry","nodate","item-wrap"],"_links":{"self":[{"href":"https:\/\/sueggelkromis.de\/index.php?rest_route=\/wp\/v2\/pages\/3059","targetHints":{"allow":["GET"]}}],"collection":[{"href":"https:\/\/sueggelkromis.de\/index.php?rest_route=\/wp\/v2\/pages"}],"about":[{"href":"https:\/\/sueggelkromis.de\/index.php?rest_route=\/wp\/v2\/types\/page"}],"author":[{"embeddable":true,"href":"https:\/\/sueggelkromis.de\/index.php?rest_route=\/wp\/v2\/users\/2"}],"replies":[{"embeddable":true,"href":"https:\/\/sueggelkromis.de\/index.php?rest_route=%2Fwp%2Fv2%2Fcomments&post=3059"}],"version-history":[{"count":4,"href":"https:\/\/sueggelkromis.de\/index.php?rest_route=\/wp\/v2\/pages\/3059\/revisions"}],"predecessor-version":[{"id":3078,"href":"https:\/\/sueggelkromis.de\/index.php?rest_route=\/wp\/v2\/pages\/3059\/revisions\/3078"}],"wp:attachment":[{"href":"https:\/\/sueggelkromis.de\/index.php?rest_route=%2Fwp%2Fv2%2Fmedia&parent=3059"}],"curies":[{"name":"wp","href":"https:\/\/api.w.org\/{rel}","templated":true}]}}