{"id":2922,"date":"2023-10-03T20:14:22","date_gmt":"2023-10-03T18:14:22","guid":{"rendered":"https:\/\/sueggelkromis.de\/?page_id=2922"},"modified":"2024-07-25T21:38:30","modified_gmt":"2024-07-25T19:38:30","slug":"aufzucht","status":"publish","type":"page","link":"https:\/\/sueggelkromis.de\/?page_id=2922","title":{"rendered":"Aufzucht"},"content":{"rendered":"\n<p>Unsere Welpen werden im Wohnzimmer geboren, dort wird ein Welpengehege mit der Wurfbox eingerichtet. Einer von uns kann kurz vor der Geburt und w\u00e4hrend der Zeit der Aufzucht auf dem Sofa \u00fcbernachten und Doria bekommt jederzeit R\u00fcckzugsm\u00f6glichkeiten, damit sie sich zwischendurch immer kleine Pausenzeiten nehmen kann. Unser Wohnzimmer ist recht offen, so bekommen die Welpen von Geburt an unseren kompletten Lebensalltag mit, h\u00f6ren normale Ger\u00e4usche im Haushalt (Staubsauger, F\u00f6n, Kaffeevollautomat, Mixer etc.) und haben in den ersten Wochen genug Platz, um das Gehege St\u00fcck f\u00fcr St\u00fcck zu erobern.<\/p>\n\n\n\n<figure class=\"wp-block-gallery has-nested-images columns-default is-cropped wp-block-gallery-1 is-layout-flex wp-block-gallery-is-layout-flex\">\n<figure class=\"wp-block-image size-large\"><a href=\"https:\/\/sueggelkromis.de\/wp-content\/uploads\/2022\/05\/Alleine-sein5.jpeg\"><img loading=\"lazy\" decoding=\"async\" width=\"1024\" height=\"576\" data-id=\"1780\" src=\"https:\/\/sueggelkromis.de\/wp-content\/uploads\/2022\/05\/Alleine-sein5-1024x576.jpeg\" alt=\"\" class=\"wp-image-1780\" srcset=\"https:\/\/sueggelkromis.de\/wp-content\/uploads\/2022\/05\/Alleine-sein5-1024x576.jpeg 1024w, https:\/\/sueggelkromis.de\/wp-content\/uploads\/2022\/05\/Alleine-sein5-300x169.jpeg 300w, https:\/\/sueggelkromis.de\/wp-content\/uploads\/2022\/05\/Alleine-sein5-768x432.jpeg 768w, https:\/\/sueggelkromis.de\/wp-content\/uploads\/2022\/05\/Alleine-sein5-1536x864.jpeg 1536w, https:\/\/sueggelkromis.de\/wp-content\/uploads\/2022\/05\/Alleine-sein5-750x422.jpeg 750w, https:\/\/sueggelkromis.de\/wp-content\/uploads\/2022\/05\/Alleine-sein5.jpeg 1600w\" sizes=\"auto, (max-width: 1024px) 100vw, 1024px\" \/><\/a><\/figure>\n\n\n\n<figure class=\"wp-block-image size-large\"><a href=\"https:\/\/sueggelkromis.de\/wp-content\/uploads\/2024\/04\/2024-04-28-0.jpg\"><img loading=\"lazy\" decoding=\"async\" width=\"768\" height=\"1024\" data-id=\"3772\" src=\"https:\/\/sueggelkromis.de\/wp-content\/uploads\/2024\/04\/2024-04-28-0-768x1024.jpg\" alt=\"\" class=\"wp-image-3772\" srcset=\"https:\/\/sueggelkromis.de\/wp-content\/uploads\/2024\/04\/2024-04-28-0-768x1024.jpg 768w, https:\/\/sueggelkromis.de\/wp-content\/uploads\/2024\/04\/2024-04-28-0-225x300.jpg 225w, https:\/\/sueggelkromis.de\/wp-content\/uploads\/2024\/04\/2024-04-28-0-1152x1536.jpg 1152w, https:\/\/sueggelkromis.de\/wp-content\/uploads\/2024\/04\/2024-04-28-0-750x1000.jpg 750w, https:\/\/sueggelkromis.de\/wp-content\/uploads\/2024\/04\/2024-04-28-0.jpg 1200w\" sizes=\"auto, (max-width: 768px) 100vw, 768px\" \/><\/a><\/figure>\n<\/figure>\n\n\n\n<p><\/p>\n\n\n\n<figure class=\"wp-block-gallery has-nested-images columns-default is-cropped wp-block-gallery-2 is-layout-flex wp-block-gallery-is-layout-flex\">\n<figure class=\"wp-block-image size-large\"><a href=\"https:\/\/sueggelkromis.de\/wp-content\/uploads\/2024\/06\/IMG_7080-scaled.jpeg\"><img loading=\"lazy\" decoding=\"async\" width=\"768\" height=\"1024\" data-id=\"3931\" src=\"https:\/\/sueggelkromis.de\/wp-content\/uploads\/2024\/06\/IMG_7080-768x1024.jpeg\" alt=\"\" class=\"wp-image-3931\" srcset=\"https:\/\/sueggelkromis.de\/wp-content\/uploads\/2024\/06\/IMG_7080-768x1024.jpeg 768w, https:\/\/sueggelkromis.de\/wp-content\/uploads\/2024\/06\/IMG_7080-225x300.jpeg 225w, https:\/\/sueggelkromis.de\/wp-content\/uploads\/2024\/06\/IMG_7080-1152x1536.jpeg 1152w, https:\/\/sueggelkromis.de\/wp-content\/uploads\/2024\/06\/IMG_7080-1536x2048.jpeg 1536w, https:\/\/sueggelkromis.de\/wp-content\/uploads\/2024\/06\/IMG_7080-750x1000.jpeg 750w, https:\/\/sueggelkromis.de\/wp-content\/uploads\/2024\/06\/IMG_7080-scaled.jpeg 1920w\" sizes=\"auto, (max-width: 768px) 100vw, 768px\" \/><\/a><\/figure>\n\n\n\n<figure class=\"wp-block-image size-large\"><a href=\"https:\/\/sueggelkromis.de\/wp-content\/uploads\/2024\/06\/02d09d40-0b9f-4fca-927b-a868fcf6a5d9.jpeg\"><img loading=\"lazy\" decoding=\"async\" width=\"576\" height=\"1024\" data-id=\"3932\" src=\"https:\/\/sueggelkromis.de\/wp-content\/uploads\/2024\/06\/02d09d40-0b9f-4fca-927b-a868fcf6a5d9-576x1024.jpeg\" alt=\"\" class=\"wp-image-3932\" srcset=\"https:\/\/sueggelkromis.de\/wp-content\/uploads\/2024\/06\/02d09d40-0b9f-4fca-927b-a868fcf6a5d9-576x1024.jpeg 576w, https:\/\/sueggelkromis.de\/wp-content\/uploads\/2024\/06\/02d09d40-0b9f-4fca-927b-a868fcf6a5d9-169x300.jpeg 169w, https:\/\/sueggelkromis.de\/wp-content\/uploads\/2024\/06\/02d09d40-0b9f-4fca-927b-a868fcf6a5d9-768x1365.jpeg 768w, https:\/\/sueggelkromis.de\/wp-content\/uploads\/2024\/06\/02d09d40-0b9f-4fca-927b-a868fcf6a5d9-864x1536.jpeg 864w, https:\/\/sueggelkromis.de\/wp-content\/uploads\/2024\/06\/02d09d40-0b9f-4fca-927b-a868fcf6a5d9-750x1333.jpeg 750w, https:\/\/sueggelkromis.de\/wp-content\/uploads\/2024\/06\/02d09d40-0b9f-4fca-927b-a868fcf6a5d9.jpeg 1152w\" sizes=\"auto, (max-width: 576px) 100vw, 576px\" \/><\/a><\/figure>\n<\/figure>\n\n\n\n<p><\/p>\n\n\n\n<p>Ab der dritten Lebenswoche ist erstmals Besuch von fremden Menschen aller Altersgruppen gestattet. Ab der f\u00fcnften Woche werden dann auch andere Hunde zu Besuch kommen. Ab ca. vier Wochen k\u00f6nnen wir mit den Welpen von der K\u00fcche aus in den Wintergarten und von dort nach drau\u00dfen in den Garten gehen.<\/p>\n\n\n\n<figure class=\"wp-block-image size-large\"><a href=\"https:\/\/sueggelkromis.de\/wp-content\/uploads\/2024\/06\/IMG_7266-scaled.jpeg\"><img loading=\"lazy\" decoding=\"async\" width=\"1024\" height=\"715\" src=\"https:\/\/sueggelkromis.de\/wp-content\/uploads\/2024\/06\/IMG_7266-1024x715.jpeg\" alt=\"\" class=\"wp-image-3969\" srcset=\"https:\/\/sueggelkromis.de\/wp-content\/uploads\/2024\/06\/IMG_7266-1024x715.jpeg 1024w, https:\/\/sueggelkromis.de\/wp-content\/uploads\/2024\/06\/IMG_7266-300x210.jpeg 300w, https:\/\/sueggelkromis.de\/wp-content\/uploads\/2024\/06\/IMG_7266-768x536.jpeg 768w, https:\/\/sueggelkromis.de\/wp-content\/uploads\/2024\/06\/IMG_7266-1536x1073.jpeg 1536w, https:\/\/sueggelkromis.de\/wp-content\/uploads\/2024\/06\/IMG_7266-2048x1430.jpeg 2048w, https:\/\/sueggelkromis.de\/wp-content\/uploads\/2024\/06\/IMG_7266-750x524.jpeg 750w\" sizes=\"auto, (max-width: 1024px) 100vw, 1024px\" \/><\/a><\/figure>\n\n\n\n<p><\/p>\n\n\n\n<p>Eine kleine Stufe polstern wir mit einem dicken Kissen ab und im Garten z\u00e4unen wir einen Bereich sicher ab (inkl. Schutz von oben, damit sich keine Greifv\u00f6gel die Welpen schnappen k\u00f6nnen).<\/p>\n\n\n\n<figure class=\"wp-block-image size-large\"><a href=\"https:\/\/sueggelkromis.de\/wp-content\/uploads\/2024\/06\/Auslauf-Garten.jpg\"><img loading=\"lazy\" decoding=\"async\" width=\"1024\" height=\"576\" src=\"https:\/\/sueggelkromis.de\/wp-content\/uploads\/2024\/06\/Auslauf-Garten-1024x576.jpg\" alt=\"\" class=\"wp-image-3967\" srcset=\"https:\/\/sueggelkromis.de\/wp-content\/uploads\/2024\/06\/Auslauf-Garten-1024x576.jpg 1024w, https:\/\/sueggelkromis.de\/wp-content\/uploads\/2024\/06\/Auslauf-Garten-300x169.jpg 300w, https:\/\/sueggelkromis.de\/wp-content\/uploads\/2024\/06\/Auslauf-Garten-768x432.jpg 768w, https:\/\/sueggelkromis.de\/wp-content\/uploads\/2024\/06\/Auslauf-Garten-1536x864.jpg 1536w, https:\/\/sueggelkromis.de\/wp-content\/uploads\/2024\/06\/Auslauf-Garten-750x422.jpg 750w, https:\/\/sueggelkromis.de\/wp-content\/uploads\/2024\/06\/Auslauf-Garten.jpg 2048w\" sizes=\"auto, (max-width: 1024px) 100vw, 1024px\" \/><\/a><\/figure>\n\n\n\n<p><\/p>\n\n\n\n<p>Die Welpen lernen unterschiedliche Untergr\u00fcnde kennen (Stoffunterlage, PVC, Laminat, Fliesen, Steine, Gras, Gitter, etwas Sand) und erobern Tag f\u00fcr Tag mehr von ihrer Umgebung. Sp\u00e4ter werden wir mit ihnen Auto fahren \u00fcben und sie lernen den Tierarzt kennen. Impfungen, Wurmkuren, Blutabnahme (Einlagerung f\u00fcr den RZV) und der Registrierungs-Chip stehen sp\u00e4ter nat\u00fcrlich auch auf dem Programm.<\/p>\n\n\n\n<p>Wir unternehmen mit unseren Welpen ab der sechsten Woche kurze Spazierg\u00e4nge\/Ausfahrten im Welpen-Gef\u00e4hrt in den Wald und die angrenzenden Felder, dort treffen wir manchmal auf Pferde oder Traktoren, Fahrradfahrer und Jogger. Die Welpen lernen auch Kinder und deren Ger\u00e4usche auf dem Spielplatz kennen. So pr\u00e4gen wir stressfrei und positiv auf viele Umweltreize und legen damit den Grundstein f\u00fcr eine gute Sozialisation, damit sich die Hunde zu offenen und wesensfesten Kromfohrl\u00e4ndern entwickeln.<\/p>\n\n\n\n<figure class=\"wp-block-gallery has-nested-images columns-default is-cropped wp-block-gallery-3 is-layout-flex wp-block-gallery-is-layout-flex\">\n<figure class=\"wp-block-image size-large\"><a href=\"https:\/\/sueggelkromis.de\/wp-content\/uploads\/2023\/11\/IMG_5724-scaled.jpeg\"><img loading=\"lazy\" decoding=\"async\" width=\"1024\" height=\"768\" data-id=\"3275\" src=\"https:\/\/sueggelkromis.de\/wp-content\/uploads\/2023\/11\/IMG_5724-1024x768.jpeg\" alt=\"\" class=\"wp-image-3275\" srcset=\"https:\/\/sueggelkromis.de\/wp-content\/uploads\/2023\/11\/IMG_5724-1024x768.jpeg 1024w, https:\/\/sueggelkromis.de\/wp-content\/uploads\/2023\/11\/IMG_5724-300x225.jpeg 300w, https:\/\/sueggelkromis.de\/wp-content\/uploads\/2023\/11\/IMG_5724-768x576.jpeg 768w, https:\/\/sueggelkromis.de\/wp-content\/uploads\/2023\/11\/IMG_5724-1536x1152.jpeg 1536w, https:\/\/sueggelkromis.de\/wp-content\/uploads\/2023\/11\/IMG_5724-2048x1536.jpeg 2048w, https:\/\/sueggelkromis.de\/wp-content\/uploads\/2023\/11\/IMG_5724-750x563.jpeg 750w\" sizes=\"auto, (max-width: 1024px) 100vw, 1024px\" \/><\/a><\/figure>\n\n\n\n<figure class=\"wp-block-image size-large\"><a href=\"https:\/\/sueggelkromis.de\/wp-content\/uploads\/2023\/11\/IMG_5718-scaled.jpeg\"><img loading=\"lazy\" decoding=\"async\" width=\"722\" height=\"1024\" data-id=\"3272\" src=\"https:\/\/sueggelkromis.de\/wp-content\/uploads\/2023\/11\/IMG_5718-722x1024.jpeg\" alt=\"\" class=\"wp-image-3272\" srcset=\"https:\/\/sueggelkromis.de\/wp-content\/uploads\/2023\/11\/IMG_5718-722x1024.jpeg 722w, https:\/\/sueggelkromis.de\/wp-content\/uploads\/2023\/11\/IMG_5718-212x300.jpeg 212w, https:\/\/sueggelkromis.de\/wp-content\/uploads\/2023\/11\/IMG_5718-768x1089.jpeg 768w, https:\/\/sueggelkromis.de\/wp-content\/uploads\/2023\/11\/IMG_5718-1083x1536.jpeg 1083w, https:\/\/sueggelkromis.de\/wp-content\/uploads\/2023\/11\/IMG_5718-1445x2048.jpeg 1445w, https:\/\/sueggelkromis.de\/wp-content\/uploads\/2023\/11\/IMG_5718-750x1063.jpeg 750w, https:\/\/sueggelkromis.de\/wp-content\/uploads\/2023\/11\/IMG_5718-scaled.jpeg 1806w\" sizes=\"auto, (max-width: 722px) 100vw, 722px\" \/><\/a><\/figure>\n\n\n\n<figure class=\"wp-block-image size-large\"><a href=\"https:\/\/sueggelkromis.de\/wp-content\/uploads\/2024\/07\/2024-06-23-0.jpg\"><img loading=\"lazy\" decoding=\"async\" width=\"1024\" height=\"806\" data-id=\"4033\" src=\"https:\/\/sueggelkromis.de\/wp-content\/uploads\/2024\/07\/2024-06-23-0-1024x806.jpg\" alt=\"\" class=\"wp-image-4033\" srcset=\"https:\/\/sueggelkromis.de\/wp-content\/uploads\/2024\/07\/2024-06-23-0-1024x806.jpg 1024w, https:\/\/sueggelkromis.de\/wp-content\/uploads\/2024\/07\/2024-06-23-0-300x236.jpg 300w, https:\/\/sueggelkromis.de\/wp-content\/uploads\/2024\/07\/2024-06-23-0-768x605.jpg 768w, https:\/\/sueggelkromis.de\/wp-content\/uploads\/2024\/07\/2024-06-23-0-750x591.jpg 750w, https:\/\/sueggelkromis.de\/wp-content\/uploads\/2024\/07\/2024-06-23-0.jpg 1370w\" sizes=\"auto, (max-width: 1024px) 100vw, 1024px\" \/><\/a><\/figure>\n<\/figure>\n\n\n\n<p><\/p>\n\n\n\n<p>Nach gut drei Wochen beginnen wir St\u00fcck f\u00fcr St\u00fcck damit, die Welpen an feste Nahrung zu gew\u00f6hnen. Zus\u00e4tzlich zur Muttermilch f\u00fcttern wir ab diesem Zeitpunkt Frischfleisch, Gem\u00fcse, Obst, H\u00fcttenk\u00e4se und Ziegenmilch. Zus\u00e4tzlich lernen unsere Welpen auch Dosen- und Trockenfutter kennen, damit sie auf alle Ern\u00e4hrungsarten vorbereitet sind.<\/p>\n\n\n\n<figure class=\"wp-block-video\"><video height=\"480\" style=\"aspect-ratio: 848 \/ 480;\" width=\"848\" controls src=\"https:\/\/sueggelkromis.de\/wp-content\/uploads\/2024\/06\/WhatsApp-Video-2024-06-03-at-17.44.43.mp4\"><\/video><\/figure>\n\n\n\n<p><\/p>\n\n\n\n<figure class=\"wp-block-image size-large\"><a href=\"https:\/\/sueggelkromis.de\/wp-content\/uploads\/2024\/06\/Futterring.jpg\"><img loading=\"lazy\" decoding=\"async\" width=\"576\" height=\"1024\" src=\"https:\/\/sueggelkromis.de\/wp-content\/uploads\/2024\/06\/Futterring-576x1024.jpg\" alt=\"\" class=\"wp-image-3941\" srcset=\"https:\/\/sueggelkromis.de\/wp-content\/uploads\/2024\/06\/Futterring-576x1024.jpg 576w, https:\/\/sueggelkromis.de\/wp-content\/uploads\/2024\/06\/Futterring-169x300.jpg 169w, https:\/\/sueggelkromis.de\/wp-content\/uploads\/2024\/06\/Futterring-768x1365.jpg 768w, https:\/\/sueggelkromis.de\/wp-content\/uploads\/2024\/06\/Futterring-864x1536.jpg 864w, https:\/\/sueggelkromis.de\/wp-content\/uploads\/2024\/06\/Futterring-750x1333.jpg 750w, https:\/\/sueggelkromis.de\/wp-content\/uploads\/2024\/06\/Futterring.jpg 1152w\" sizes=\"auto, (max-width: 576px) 100vw, 576px\" \/><\/a><\/figure>\n\n\n\n<p><\/p>\n\n\n\n<p>Kurz bevor die Welpen zu ihren neuen Familien ziehen, wird die Wurfabnahme vom RZV stattfinden. Dabei wird jeder Welpe einzeln begutachtet, die Aufzucht und die Mutterh\u00fcndin werden kontrolliert und zus\u00e4tzlich wird gepr\u00fcft, ob die Zuchtst\u00e4tte den Angaben aus der Zuchtst\u00e4tten-Abnahme entspricht und ob alles wie besprochen umgesetzt wurde.<\/p>\n\n\n\n<p>Ab der neunten Woche ziehen unsere Welpen in ihre neuen Familien. Sie verf\u00fcgen dann \u00fcber einen EU-Heimtierausweis und VDH-Papiere. Die Ahnentafel wird vom Rassezuchtverein der Kromfohrl\u00e4nder ausgestellt und den neuen Besitzern \u00fcbermittelt, sobald wir sie vom RZV bekommen. Damit gelten unsere Hunde als anerkannte FCI-Rassehunde und d\u00fcrfen auch in ausl\u00e4ndische Zuchtb\u00fccher der FCI eingetragen werden.<\/p>\n","protected":false},"excerpt":{"rendered":"<p>Unsere Welpen werden im Wohnzimmer geboren, dort wird ein Welpengehege mit der Wurfbox eingerichtet. Einer von uns kann kurz vor der Geburt und w\u00e4hrend der Zeit der Aufzucht auf dem Sofa \u00fcbernachten und Doria bekommt jederzeit R\u00fcckzugsm\u00f6glichkeiten, damit sie sich zwischendurch immer kleine Pausenzeiten nehmen kann. Unser Wohnzimmer ist recht offen, so bekommen die Welpen &hellip; <\/p>\n<p><a class=\"more-link btn\" href=\"https:\/\/sueggelkromis.de\/?page_id=2922\">Weiterlesen<\/a><\/p>\n","protected":false},"author":2,"featured_media":0,"parent":2910,"menu_order":0,"comment_status":"closed","ping_status":"closed","template":"","meta":{"_monsterinsights_skip_tracking":false,"_monsterinsights_sitenote_active":false,"_monsterinsights_sitenote_note":"","_monsterinsights_sitenote_category":0,"footnotes":""},"class_list":["post-2922","page","type-page","status-publish","hentry","nodate","item-wrap"],"_links":{"self":[{"href":"https:\/\/sueggelkromis.de\/index.php?rest_route=\/wp\/v2\/pages\/2922","targetHints":{"allow":["GET"]}}],"collection":[{"href":"https:\/\/sueggelkromis.de\/index.php?rest_route=\/wp\/v2\/pages"}],"about":[{"href":"https:\/\/sueggelkromis.de\/index.php?rest_route=\/wp\/v2\/types\/page"}],"author":[{"embeddable":true,"href":"https:\/\/sueggelkromis.de\/index.php?rest_route=\/wp\/v2\/users\/2"}],"replies":[{"embeddable":true,"href":"https:\/\/sueggelkromis.de\/index.php?rest_route=%2Fwp%2Fv2%2Fcomments&post=2922"}],"version-history":[{"count":7,"href":"https:\/\/sueggelkromis.de\/index.php?rest_route=\/wp\/v2\/pages\/2922\/revisions"}],"predecessor-version":[{"id":4035,"href":"https:\/\/sueggelkromis.de\/index.php?rest_route=\/wp\/v2\/pages\/2922\/revisions\/4035"}],"up":[{"embeddable":true,"href":"https:\/\/sueggelkromis.de\/index.php?rest_route=\/wp\/v2\/pages\/2910"}],"wp:attachment":[{"href":"https:\/\/sueggelkromis.de\/index.php?rest_route=%2Fwp%2Fv2%2Fmedia&parent=2922"}],"curies":[{"name":"wp","href":"https:\/\/api.w.org\/{rel}","templated":true}]}}