{"id":2912,"date":"2023-10-03T17:04:53","date_gmt":"2023-10-03T15:04:53","guid":{"rendered":"https:\/\/sueggelkromis.de\/?page_id=2912"},"modified":"2024-05-09T22:45:37","modified_gmt":"2024-05-09T20:45:37","slug":"a-wurf","status":"publish","type":"page","link":"https:\/\/sueggelkromis.de\/?page_id=2912","title":{"rendered":"A-Wurf"},"content":{"rendered":"\n<p>Der A-Wurf vom S\u00fcggelbach wurde am 6. Mai 2024 in etwa 7 Stunden mit 6 R\u00fcden und 6 H\u00fcndinnen geboren. Leider kam ein R\u00fcde bereits tot auf die Welt. Mit unseren 11 wundersch\u00f6nen kleinen Kromis ziehen wir nun eine kleine Fu\u00dfballmannschaft gro\u00df.<\/p>\n\n\n\n<figure class=\"wp-block-image size-large\"><a href=\"https:\/\/sueggelkromis.de\/wp-content\/uploads\/2024\/05\/da08b43c-248c-4dd8-9e09-db1542d19184.jpeg\"><img loading=\"lazy\" decoding=\"async\" width=\"1024\" height=\"768\" src=\"https:\/\/sueggelkromis.de\/wp-content\/uploads\/2024\/05\/da08b43c-248c-4dd8-9e09-db1542d19184-1024x768.jpeg\" alt=\"\" class=\"wp-image-3811\" srcset=\"https:\/\/sueggelkromis.de\/wp-content\/uploads\/2024\/05\/da08b43c-248c-4dd8-9e09-db1542d19184-1024x768.jpeg 1024w, https:\/\/sueggelkromis.de\/wp-content\/uploads\/2024\/05\/da08b43c-248c-4dd8-9e09-db1542d19184-300x225.jpeg 300w, https:\/\/sueggelkromis.de\/wp-content\/uploads\/2024\/05\/da08b43c-248c-4dd8-9e09-db1542d19184-768x576.jpeg 768w, https:\/\/sueggelkromis.de\/wp-content\/uploads\/2024\/05\/da08b43c-248c-4dd8-9e09-db1542d19184-1536x1152.jpeg 1536w, https:\/\/sueggelkromis.de\/wp-content\/uploads\/2024\/05\/da08b43c-248c-4dd8-9e09-db1542d19184-750x563.jpeg 750w, https:\/\/sueggelkromis.de\/wp-content\/uploads\/2024\/05\/da08b43c-248c-4dd8-9e09-db1542d19184.jpeg 2048w\" sizes=\"auto, (max-width: 1024px) 100vw, 1024px\" \/><\/a><\/figure>\n\n\n\n<p><br>Der Grundstein f\u00fcr unseren A-Wurf vom S\u00fcggelbach wurde am 8. M\u00e4rz 2024 gelegt. Inzwischen haben wir eine sehr volle Interessentenliste. Wenn Sie sich noch nicht bei uns gemeldet haben, bitten wir darum, andere Kromiz\u00fcchter zu kontaktieren.<\/p>\n\n\n\n<figure class=\"wp-block-gallery has-nested-images columns-default is-cropped wp-block-gallery-1 is-layout-flex wp-block-gallery-is-layout-flex\">\n<figure class=\"wp-block-image size-large\"><a href=\"https:\/\/sueggelkromis.de\/wp-content\/uploads\/2024\/03\/IMG_6266-scaled.jpeg\"><img loading=\"lazy\" decoding=\"async\" width=\"1024\" height=\"768\" data-id=\"3500\" src=\"https:\/\/sueggelkromis.de\/wp-content\/uploads\/2024\/03\/IMG_6266-1024x768.jpeg\" alt=\"\" class=\"wp-image-3500\" srcset=\"https:\/\/sueggelkromis.de\/wp-content\/uploads\/2024\/03\/IMG_6266-1024x768.jpeg 1024w, https:\/\/sueggelkromis.de\/wp-content\/uploads\/2024\/03\/IMG_6266-300x225.jpeg 300w, https:\/\/sueggelkromis.de\/wp-content\/uploads\/2024\/03\/IMG_6266-768x576.jpeg 768w, https:\/\/sueggelkromis.de\/wp-content\/uploads\/2024\/03\/IMG_6266-1536x1152.jpeg 1536w, https:\/\/sueggelkromis.de\/wp-content\/uploads\/2024\/03\/IMG_6266-2048x1536.jpeg 2048w, https:\/\/sueggelkromis.de\/wp-content\/uploads\/2024\/03\/IMG_6266-750x563.jpeg 750w\" sizes=\"auto, (max-width: 1024px) 100vw, 1024px\" \/><\/a><\/figure>\n<\/figure>\n\n\n\n<p><br>Mutter wird unsere Doria von der Ruhrhalbinsel <\/p>\n\n\n\n<figure class=\"wp-block-image size-large\"><a href=\"https:\/\/sueggelkromis.de\/wp-content\/uploads\/2023\/06\/2023-02-20-1.jpg\"><img decoding=\"async\" src=\"https:\/\/sueggelkromis.de\/wp-content\/uploads\/2023\/06\/2023-02-20-1-1024x683.jpg\" alt=\"\" class=\"wp-image-2659\"\/><\/a><\/figure>\n\n\n\n<p><\/p>\n\n\n\n<p>Vater wird Skovens Kromi Alvin.<\/p>\n\n\n\n<figure class=\"wp-block-image size-large\"><a href=\"https:\/\/sueggelkromis.de\/wp-content\/uploads\/2024\/03\/c0bf905c-5faa-4e52-a3a9-57bc78fe6b78.jpeg\"><img loading=\"lazy\" decoding=\"async\" width=\"768\" height=\"1024\" src=\"https:\/\/sueggelkromis.de\/wp-content\/uploads\/2024\/03\/c0bf905c-5faa-4e52-a3a9-57bc78fe6b78-768x1024.jpeg\" alt=\"\" class=\"wp-image-3507\" srcset=\"https:\/\/sueggelkromis.de\/wp-content\/uploads\/2024\/03\/c0bf905c-5faa-4e52-a3a9-57bc78fe6b78-768x1024.jpeg 768w, https:\/\/sueggelkromis.de\/wp-content\/uploads\/2024\/03\/c0bf905c-5faa-4e52-a3a9-57bc78fe6b78-225x300.jpeg 225w, https:\/\/sueggelkromis.de\/wp-content\/uploads\/2024\/03\/c0bf905c-5faa-4e52-a3a9-57bc78fe6b78-1152x1536.jpeg 1152w, https:\/\/sueggelkromis.de\/wp-content\/uploads\/2024\/03\/c0bf905c-5faa-4e52-a3a9-57bc78fe6b78-750x1000.jpeg 750w, https:\/\/sueggelkromis.de\/wp-content\/uploads\/2024\/03\/c0bf905c-5faa-4e52-a3a9-57bc78fe6b78.jpeg 1200w\" sizes=\"auto, (max-width: 768px) 100vw, 768px\" \/><\/a><\/figure>\n\n\n\n<p><\/p>\n\n\n\n<p>Alvin wurde am 31. M\u00e4rz 2024 drei Jahre alt, stammt aus D\u00e4nemark und lebt mit seiner Familie in M\u00fcnchen.<\/p>\n\n\n\n<p>Alvin ist ein freundlicher R\u00fcde, der gerne Agility macht und die kreativen Besch\u00e4ftigungsangebote seiner Besitzer auf den Spazierg\u00e4ngen genie\u00dft.<\/p>\n\n\n\n<p>Urlaub macht er vorzugsweise in D\u00e4nemark.<\/p>\n\n\n\n<figure class=\"wp-block-gallery has-nested-images columns-default is-cropped wp-block-gallery-2 is-layout-flex wp-block-gallery-is-layout-flex\">\n<figure class=\"wp-block-image size-large\"><a href=\"https:\/\/sueggelkromis.de\/wp-content\/uploads\/2024\/03\/5b6300a5-db7c-4736-86df-4e614995e042.jpeg\"><img loading=\"lazy\" decoding=\"async\" width=\"1024\" height=\"576\" data-id=\"3503\" src=\"https:\/\/sueggelkromis.de\/wp-content\/uploads\/2024\/03\/5b6300a5-db7c-4736-86df-4e614995e042-1024x576.jpeg\" alt=\"\" class=\"wp-image-3503\" srcset=\"https:\/\/sueggelkromis.de\/wp-content\/uploads\/2024\/03\/5b6300a5-db7c-4736-86df-4e614995e042-1024x576.jpeg 1024w, https:\/\/sueggelkromis.de\/wp-content\/uploads\/2024\/03\/5b6300a5-db7c-4736-86df-4e614995e042-300x169.jpeg 300w, https:\/\/sueggelkromis.de\/wp-content\/uploads\/2024\/03\/5b6300a5-db7c-4736-86df-4e614995e042-768x432.jpeg 768w, https:\/\/sueggelkromis.de\/wp-content\/uploads\/2024\/03\/5b6300a5-db7c-4736-86df-4e614995e042-1536x864.jpeg 1536w, https:\/\/sueggelkromis.de\/wp-content\/uploads\/2024\/03\/5b6300a5-db7c-4736-86df-4e614995e042-750x422.jpeg 750w, https:\/\/sueggelkromis.de\/wp-content\/uploads\/2024\/03\/5b6300a5-db7c-4736-86df-4e614995e042.jpeg 1600w\" sizes=\"auto, (max-width: 1024px) 100vw, 1024px\" \/><\/a><\/figure>\n\n\n\n<figure class=\"wp-block-image size-large\"><a href=\"https:\/\/sueggelkromis.de\/wp-content\/uploads\/2024\/03\/921c936c-fab2-401c-a213-1aecbf4c9689.jpeg\"><img loading=\"lazy\" decoding=\"async\" width=\"1024\" height=\"576\" data-id=\"3509\" src=\"https:\/\/sueggelkromis.de\/wp-content\/uploads\/2024\/03\/921c936c-fab2-401c-a213-1aecbf4c9689-1024x576.jpeg\" alt=\"\" class=\"wp-image-3509\" srcset=\"https:\/\/sueggelkromis.de\/wp-content\/uploads\/2024\/03\/921c936c-fab2-401c-a213-1aecbf4c9689-1024x576.jpeg 1024w, https:\/\/sueggelkromis.de\/wp-content\/uploads\/2024\/03\/921c936c-fab2-401c-a213-1aecbf4c9689-300x169.jpeg 300w, https:\/\/sueggelkromis.de\/wp-content\/uploads\/2024\/03\/921c936c-fab2-401c-a213-1aecbf4c9689-768x432.jpeg 768w, https:\/\/sueggelkromis.de\/wp-content\/uploads\/2024\/03\/921c936c-fab2-401c-a213-1aecbf4c9689-1536x864.jpeg 1536w, https:\/\/sueggelkromis.de\/wp-content\/uploads\/2024\/03\/921c936c-fab2-401c-a213-1aecbf4c9689-750x422.jpeg 750w, https:\/\/sueggelkromis.de\/wp-content\/uploads\/2024\/03\/921c936c-fab2-401c-a213-1aecbf4c9689.jpeg 1600w\" sizes=\"auto, (max-width: 1024px) 100vw, 1024px\" \/><\/a><\/figure>\n\n\n\n<figure class=\"wp-block-image size-large\"><a href=\"https:\/\/sueggelkromis.de\/wp-content\/uploads\/2024\/03\/b6fa7baf-7dfd-4adb-a26c-90b69d32dcc9.jpeg\"><img loading=\"lazy\" decoding=\"async\" width=\"768\" height=\"1024\" data-id=\"3510\" src=\"https:\/\/sueggelkromis.de\/wp-content\/uploads\/2024\/03\/b6fa7baf-7dfd-4adb-a26c-90b69d32dcc9-768x1024.jpeg\" alt=\"\" class=\"wp-image-3510\" srcset=\"https:\/\/sueggelkromis.de\/wp-content\/uploads\/2024\/03\/b6fa7baf-7dfd-4adb-a26c-90b69d32dcc9-768x1024.jpeg 768w, https:\/\/sueggelkromis.de\/wp-content\/uploads\/2024\/03\/b6fa7baf-7dfd-4adb-a26c-90b69d32dcc9-225x300.jpeg 225w, https:\/\/sueggelkromis.de\/wp-content\/uploads\/2024\/03\/b6fa7baf-7dfd-4adb-a26c-90b69d32dcc9-1152x1536.jpeg 1152w, https:\/\/sueggelkromis.de\/wp-content\/uploads\/2024\/03\/b6fa7baf-7dfd-4adb-a26c-90b69d32dcc9-750x1000.jpeg 750w, https:\/\/sueggelkromis.de\/wp-content\/uploads\/2024\/03\/b6fa7baf-7dfd-4adb-a26c-90b69d32dcc9.jpeg 1200w\" sizes=\"auto, (max-width: 768px) 100vw, 768px\" \/><\/a><\/figure>\n<\/figure>\n\n\n\n<p><\/p>\n\n\n\n<figure class=\"wp-block-gallery has-nested-images columns-default is-cropped wp-block-gallery-3 is-layout-flex wp-block-gallery-is-layout-flex\">\n<figure class=\"wp-block-image size-large\"><a href=\"https:\/\/sueggelkromis.de\/wp-content\/uploads\/2024\/03\/f8210745-0e8e-4485-9afa-7162b28e31f5.jpeg\"><img loading=\"lazy\" decoding=\"async\" width=\"768\" height=\"1024\" data-id=\"3508\" src=\"https:\/\/sueggelkromis.de\/wp-content\/uploads\/2024\/03\/f8210745-0e8e-4485-9afa-7162b28e31f5-768x1024.jpeg\" alt=\"\" class=\"wp-image-3508\" srcset=\"https:\/\/sueggelkromis.de\/wp-content\/uploads\/2024\/03\/f8210745-0e8e-4485-9afa-7162b28e31f5-768x1024.jpeg 768w, https:\/\/sueggelkromis.de\/wp-content\/uploads\/2024\/03\/f8210745-0e8e-4485-9afa-7162b28e31f5-225x300.jpeg 225w, https:\/\/sueggelkromis.de\/wp-content\/uploads\/2024\/03\/f8210745-0e8e-4485-9afa-7162b28e31f5-1152x1536.jpeg 1152w, https:\/\/sueggelkromis.de\/wp-content\/uploads\/2024\/03\/f8210745-0e8e-4485-9afa-7162b28e31f5-750x1000.jpeg 750w, https:\/\/sueggelkromis.de\/wp-content\/uploads\/2024\/03\/f8210745-0e8e-4485-9afa-7162b28e31f5.jpeg 1200w\" sizes=\"auto, (max-width: 768px) 100vw, 768px\" \/><\/a><\/figure>\n\n\n\n<figure class=\"wp-block-image size-large\"><a href=\"https:\/\/sueggelkromis.de\/wp-content\/uploads\/2024\/03\/32407d55-e0b5-463e-a661-2a2d77abe659.jpeg\"><img loading=\"lazy\" decoding=\"async\" width=\"1024\" height=\"768\" data-id=\"3513\" src=\"https:\/\/sueggelkromis.de\/wp-content\/uploads\/2024\/03\/32407d55-e0b5-463e-a661-2a2d77abe659-1024x768.jpeg\" alt=\"\" class=\"wp-image-3513\" srcset=\"https:\/\/sueggelkromis.de\/wp-content\/uploads\/2024\/03\/32407d55-e0b5-463e-a661-2a2d77abe659-1024x768.jpeg 1024w, https:\/\/sueggelkromis.de\/wp-content\/uploads\/2024\/03\/32407d55-e0b5-463e-a661-2a2d77abe659-300x225.jpeg 300w, https:\/\/sueggelkromis.de\/wp-content\/uploads\/2024\/03\/32407d55-e0b5-463e-a661-2a2d77abe659-768x576.jpeg 768w, https:\/\/sueggelkromis.de\/wp-content\/uploads\/2024\/03\/32407d55-e0b5-463e-a661-2a2d77abe659-1536x1152.jpeg 1536w, https:\/\/sueggelkromis.de\/wp-content\/uploads\/2024\/03\/32407d55-e0b5-463e-a661-2a2d77abe659-750x563.jpeg 750w, https:\/\/sueggelkromis.de\/wp-content\/uploads\/2024\/03\/32407d55-e0b5-463e-a661-2a2d77abe659.jpeg 1600w\" sizes=\"auto, (max-width: 1024px) 100vw, 1024px\" \/><\/a><\/figure>\n<\/figure>\n\n\n\n<p><br>Den Deckakt haben die beiden instinktsicher vollzogen und wir erwarten Mitte Mai unseren Wurf.<\/p>\n\n\n\n<figure class=\"wp-block-video\"><video height=\"848\" style=\"aspect-ratio: 480 \/ 848;\" width=\"480\" controls src=\"https:\/\/sueggelkromis.de\/wp-content\/uploads\/2024\/03\/4a8f0f4a-5d7e-40bb-a3ae-63a789aff676.mov\"><\/video><\/figure>\n\n\n\n<p><br>Der <a href=\"https:\/\/kromfohrlaender.de\/\">Rassezuchtverein der Kromfohrl\u00e4nder e. V.<\/a> hat unserer R\u00fcdenauswahl ohne Einw\u00e4nde zugestimmt. Wir haben alle Grenzwerte der Zuchtbestimmungen deutlich unterschritten, aktuelle Gentests ebenfalls bei der Wurfplanung ber\u00fccksichtigt und erwarten gesunde und reinrassige Glatthaar-Kromfohrl\u00e4nder-Welpen.<\/p>\n","protected":false},"excerpt":{"rendered":"<p>Der A-Wurf vom S\u00fcggelbach wurde am 6. Mai 2024 in etwa 7 Stunden mit 6 R\u00fcden und 6 H\u00fcndinnen geboren. Leider kam ein R\u00fcde bereits tot auf die Welt. Mit unseren 11 wundersch\u00f6nen kleinen Kromis ziehen wir nun eine kleine Fu\u00dfballmannschaft gro\u00df. Der Grundstein f\u00fcr unseren A-Wurf vom S\u00fcggelbach wurde am 8. M\u00e4rz 2024 gelegt. &hellip; <\/p>\n<p><a class=\"more-link btn\" href=\"https:\/\/sueggelkromis.de\/?page_id=2912\">Weiterlesen<\/a><\/p>\n","protected":false},"author":2,"featured_media":0,"parent":2910,"menu_order":1,"comment_status":"closed","ping_status":"closed","template":"","meta":{"_monsterinsights_skip_tracking":false,"_monsterinsights_sitenote_active":false,"_monsterinsights_sitenote_note":"","_monsterinsights_sitenote_category":0,"footnotes":""},"class_list":["post-2912","page","type-page","status-publish","hentry","nodate","item-wrap"],"_links":{"self":[{"href":"https:\/\/sueggelkromis.de\/index.php?rest_route=\/wp\/v2\/pages\/2912","targetHints":{"allow":["GET"]}}],"collection":[{"href":"https:\/\/sueggelkromis.de\/index.php?rest_route=\/wp\/v2\/pages"}],"about":[{"href":"https:\/\/sueggelkromis.de\/index.php?rest_route=\/wp\/v2\/types\/page"}],"author":[{"embeddable":true,"href":"https:\/\/sueggelkromis.de\/index.php?rest_route=\/wp\/v2\/users\/2"}],"replies":[{"embeddable":true,"href":"https:\/\/sueggelkromis.de\/index.php?rest_route=%2Fwp%2Fv2%2Fcomments&post=2912"}],"version-history":[{"count":15,"href":"https:\/\/sueggelkromis.de\/index.php?rest_route=\/wp\/v2\/pages\/2912\/revisions"}],"predecessor-version":[{"id":3878,"href":"https:\/\/sueggelkromis.de\/index.php?rest_route=\/wp\/v2\/pages\/2912\/revisions\/3878"}],"up":[{"embeddable":true,"href":"https:\/\/sueggelkromis.de\/index.php?rest_route=\/wp\/v2\/pages\/2910"}],"wp:attachment":[{"href":"https:\/\/sueggelkromis.de\/index.php?rest_route=%2Fwp%2Fv2%2Fmedia&parent=2912"}],"curies":[{"name":"wp","href":"https:\/\/api.w.org\/{rel}","templated":true}]}}