{"id":2910,"date":"2023-10-03T16:59:11","date_gmt":"2023-10-03T14:59:11","guid":{"rendered":"https:\/\/sueggelkromis.de\/?page_id=2910"},"modified":"2023-10-03T22:31:51","modified_gmt":"2023-10-03T20:31:51","slug":"wuerfe","status":"publish","type":"page","link":"https:\/\/sueggelkromis.de\/?page_id=2910","title":{"rendered":"W\u00fcrfe"},"content":{"rendered":"\n<p>Am 12. August 2022 begutachtete eine Zuchtwartin vom <a href=\"https:\/\/kromfohrlaender.de\/\">Rassezuchtverein der Kromfohrl\u00e4nder (RZV)<\/a> unser Zuhause und den Garten im Rahmen der Zuchtst\u00e4tten-Abnahme. Dies ist eine der Voraussetzungen, um offiziell als Z\u00fcchter beim RZV und unter dem VDH\/FCI registriert zu werden.<\/p>\n\n\n\n<p>Wir m\u00f6chten bestm\u00f6gliche Voraussetzungen f\u00fcr gesunde reinrassige Kromfohrl\u00e4nder-Welpen erf\u00fcllen. Deshalb wurde unsere Zuchth\u00fcndin neben den f\u00fcr die Zuchttauglichkeitsuntersuchung vorgeschriebenen Untersuchungen zus\u00e4tzlich auf HD, ED und Patella-Luxation ger\u00f6ntgt und die aktuell zur Verf\u00fcgung stehenden Gentests f\u00fcr Kromfohrl\u00e4nder wurden vor Zuchteinsatz durchgef\u00fchrt. Doria hat bei ihrer K\u00f6rung ein sicheres Sozialverhalten gegen\u00fcber Menschen, Hunden und der Umwelt bescheinigt bekommen.<\/p>\n\n\n\n<p>Die Auswahl passender Deckr\u00fcden werden wir nach bestem Wissen und Gewissen treffen und priorisieren dabei gesunde Zuchtwerte. Daf\u00fcr nehmen wir auch weite Fahrtwege auf uns. Wir unterst\u00fctzen unsere H\u00fcndin dabei, dass die Hundehochzeit m\u00f6glichst stressfrei und nat\u00fcrlich vollzogen wird, werden sie jedoch zu nichts zwingen. Nach dem Deckakt hoffen wir, dass sie aufnimmt und tr\u00e4chtig wird. W\u00e4hrend der Tr\u00e4chtigkeit wird Doria nat\u00fcrlich weiterhin gut versorgt und regelm\u00e4\u00dfig beim Tierarzt vorgestellt. Wir hoffen auf eine komplikationslose Tr\u00e4chtigkeit und Geburt und auf einen gesunden Kromi-Wurf.<\/p>\n","protected":false},"excerpt":{"rendered":"<p>Am 12. August 2022 begutachtete eine Zuchtwartin vom Rassezuchtverein der Kromfohrl\u00e4nder (RZV) unser Zuhause und den Garten im Rahmen der Zuchtst\u00e4tten-Abnahme. Dies ist eine der Voraussetzungen, um offiziell als Z\u00fcchter beim RZV und unter dem VDH\/FCI registriert zu werden. Wir m\u00f6chten bestm\u00f6gliche Voraussetzungen f\u00fcr gesunde reinrassige Kromfohrl\u00e4nder-Welpen erf\u00fcllen. Deshalb wurde unsere Zuchth\u00fcndin neben den f\u00fcr &hellip; <\/p>\n<p><a class=\"more-link btn\" href=\"https:\/\/sueggelkromis.de\/?page_id=2910\">Weiterlesen<\/a><\/p>\n","protected":false},"author":2,"featured_media":0,"parent":0,"menu_order":1,"comment_status":"closed","ping_status":"closed","template":"","meta":{"_monsterinsights_skip_tracking":false,"_monsterinsights_sitenote_active":false,"_monsterinsights_sitenote_note":"","_monsterinsights_sitenote_category":0,"footnotes":""},"class_list":["post-2910","page","type-page","status-publish","hentry","nodate","item-wrap"],"_links":{"self":[{"href":"https:\/\/sueggelkromis.de\/index.php?rest_route=\/wp\/v2\/pages\/2910","targetHints":{"allow":["GET"]}}],"collection":[{"href":"https:\/\/sueggelkromis.de\/index.php?rest_route=\/wp\/v2\/pages"}],"about":[{"href":"https:\/\/sueggelkromis.de\/index.php?rest_route=\/wp\/v2\/types\/page"}],"author":[{"embeddable":true,"href":"https:\/\/sueggelkromis.de\/index.php?rest_route=\/wp\/v2\/users\/2"}],"replies":[{"embeddable":true,"href":"https:\/\/sueggelkromis.de\/index.php?rest_route=%2Fwp%2Fv2%2Fcomments&post=2910"}],"version-history":[{"count":3,"href":"https:\/\/sueggelkromis.de\/index.php?rest_route=\/wp\/v2\/pages\/2910\/revisions"}],"predecessor-version":[{"id":2921,"href":"https:\/\/sueggelkromis.de\/index.php?rest_route=\/wp\/v2\/pages\/2910\/revisions\/2921"}],"wp:attachment":[{"href":"https:\/\/sueggelkromis.de\/index.php?rest_route=%2Fwp%2Fv2%2Fmedia&parent=2910"}],"curies":[{"name":"wp","href":"https:\/\/api.w.org\/{rel}","templated":true}]}}