{"id":1923,"date":"2023-03-10T17:42:03","date_gmt":"2023-03-10T16:42:03","guid":{"rendered":"https:\/\/sueggelkromis.de\/?page_id=1923"},"modified":"2023-03-10T18:48:13","modified_gmt":"2023-03-10T17:48:13","slug":"warum-vom-sueggelbach","status":"publish","type":"page","link":"https:\/\/sueggelkromis.de\/?page_id=1923","title":{"rendered":"Warum &#8222;vom S\u00fcggelbach&#8220;"},"content":{"rendered":"\n<p>Schon lange vor der Entscheidung, unseren eigenen Zwinger zu gr\u00fcnden, stand eins f\u00fcr mich fest. Sollte ich jemals Kromfohrl\u00e4nder z\u00fcchten, sollen sie &#8222;Kromfohrl\u00e4nder vom S\u00fcggelbach&#8220; hei\u00dfen.<\/p>\n\n\n\n<p>Unter den Kromfohrl\u00e4nder-Z\u00fcchtern im RZV ist es fast durchg\u00e4ngig Tradition, im Zwingernamen einen Hinweis auf den Ort des Zwingers zu geben. Wir wohnen am n\u00f6rdlichen Rand von Dortmund im Ortsteil Brechten und unsere t\u00e4glichen Spazierg\u00e4nge f\u00fchren uns in das Naturschutzgebiet \u201e<a href=\"https:\/\/de.wikipedia.org\/wiki\/Naturschutzgebiet_S\u00fcggel\">S\u00fcggel<\/a>\u201c. Mitten darin entspringt aus einer kleinen Quelle der S\u00fcggelbach. Dieser flie\u00dft teils unterirdisch, teils oberirdisch, sammelt sich in einer Bergsenke zum Biotop auf dem Brink und m\u00fcndet in L\u00fcnen in die Seseke. Unsere t\u00e4gliche Morgenrunde f\u00fchrt uns in die an den Bach angrenzenden Felder.<\/p>\n\n\n\n<p>Wir werden mit Doria von der Ruhrhalbinsel in die Kromfohrl\u00e4nder-Zucht starten, deshalb finden wir den \u201eS\u00fcggelbach\u201c passend zu Dorias Ursprung, der Ruhrhalbinsel.<\/p>\n","protected":false},"excerpt":{"rendered":"<p>Schon lange vor der Entscheidung, unseren eigenen Zwinger zu gr\u00fcnden, stand eins f\u00fcr mich fest. Sollte ich jemals Kromfohrl\u00e4nder z\u00fcchten, sollen sie &#8222;Kromfohrl\u00e4nder vom S\u00fcggelbach&#8220; hei\u00dfen. Unter den Kromfohrl\u00e4nder-Z\u00fcchtern im RZV ist es fast durchg\u00e4ngig Tradition, im Zwingernamen einen Hinweis auf den Ort des Zwingers zu geben. Wir wohnen am n\u00f6rdlichen Rand von Dortmund im &hellip; <\/p>\n<p><a class=\"more-link btn\" href=\"https:\/\/sueggelkromis.de\/?page_id=1923\">Weiterlesen<\/a><\/p>\n","protected":false},"author":2,"featured_media":0,"parent":1893,"menu_order":4,"comment_status":"closed","ping_status":"closed","template":"","meta":{"_monsterinsights_skip_tracking":false,"_monsterinsights_sitenote_active":false,"_monsterinsights_sitenote_note":"","_monsterinsights_sitenote_category":0,"footnotes":""},"class_list":["post-1923","page","type-page","status-publish","hentry","nodate","item-wrap"],"_links":{"self":[{"href":"https:\/\/sueggelkromis.de\/index.php?rest_route=\/wp\/v2\/pages\/1923","targetHints":{"allow":["GET"]}}],"collection":[{"href":"https:\/\/sueggelkromis.de\/index.php?rest_route=\/wp\/v2\/pages"}],"about":[{"href":"https:\/\/sueggelkromis.de\/index.php?rest_route=\/wp\/v2\/types\/page"}],"author":[{"embeddable":true,"href":"https:\/\/sueggelkromis.de\/index.php?rest_route=\/wp\/v2\/users\/2"}],"replies":[{"embeddable":true,"href":"https:\/\/sueggelkromis.de\/index.php?rest_route=%2Fwp%2Fv2%2Fcomments&post=1923"}],"version-history":[{"count":2,"href":"https:\/\/sueggelkromis.de\/index.php?rest_route=\/wp\/v2\/pages\/1923\/revisions"}],"predecessor-version":[{"id":1936,"href":"https:\/\/sueggelkromis.de\/index.php?rest_route=\/wp\/v2\/pages\/1923\/revisions\/1936"}],"up":[{"embeddable":true,"href":"https:\/\/sueggelkromis.de\/index.php?rest_route=\/wp\/v2\/pages\/1893"}],"wp:attachment":[{"href":"https:\/\/sueggelkromis.de\/index.php?rest_route=%2Fwp%2Fv2%2Fmedia&parent=1923"}],"curies":[{"name":"wp","href":"https:\/\/api.w.org\/{rel}","templated":true}]}}