{"id":1905,"date":"2023-02-25T22:06:38","date_gmt":"2023-02-25T21:06:38","guid":{"rendered":"https:\/\/sueggelkromis.de\/?page_id=1905"},"modified":"2023-03-10T19:15:04","modified_gmt":"2023-03-10T18:15:04","slug":"doria","status":"publish","type":"page","link":"https:\/\/sueggelkromis.de\/?page_id=1905","title":{"rendered":"Doria"},"content":{"rendered":"\n<p>Am 20. Februar 2021 wurde Doria von der Ruhrhalbinsel mit weiteren acht Geschwistern ebenfalls in Essen geboren. Seit dem 24. April 2021 begleitet sie uns in unserem Zuhause in Dortmund.  Doria hat sich zu einer h\u00fcbschen, fr\u00f6hlich-verr\u00fcckten und sehr verschmusten H\u00fcndin entwickelt und wir freuen uns darauf, mit ihr in die Kromfohrl\u00e4nder-Zucht zu starten.<\/p>\n\n\n\n<figure class=\"wp-block-image size-large\"><a href=\"https:\/\/sueggelkromis.de\/wp-content\/uploads\/2023\/03\/2023-02-20-1.jpg\"><img loading=\"lazy\" decoding=\"async\" width=\"1024\" height=\"683\" src=\"https:\/\/sueggelkromis.de\/wp-content\/uploads\/2023\/03\/2023-02-20-1-1024x683.jpg\" alt=\"\" class=\"wp-image-1942\" srcset=\"https:\/\/sueggelkromis.de\/wp-content\/uploads\/2023\/03\/2023-02-20-1-1024x683.jpg 1024w, https:\/\/sueggelkromis.de\/wp-content\/uploads\/2023\/03\/2023-02-20-1-300x200.jpg 300w, https:\/\/sueggelkromis.de\/wp-content\/uploads\/2023\/03\/2023-02-20-1-768x512.jpg 768w, https:\/\/sueggelkromis.de\/wp-content\/uploads\/2023\/03\/2023-02-20-1-1536x1024.jpg 1536w, https:\/\/sueggelkromis.de\/wp-content\/uploads\/2023\/03\/2023-02-20-1-750x500.jpg 750w, https:\/\/sueggelkromis.de\/wp-content\/uploads\/2023\/03\/2023-02-20-1.jpg 2048w\" sizes=\"auto, (max-width: 1024px) 100vw, 1024px\" \/><\/a><\/figure>\n\n\n\n<p> <\/p>\n","protected":false},"excerpt":{"rendered":"<p>Am 20. Februar 2021 wurde Doria von der Ruhrhalbinsel mit weiteren acht Geschwistern ebenfalls in Essen geboren. Seit dem 24. April 2021 begleitet sie uns in unserem Zuhause in Dortmund. Doria hat sich zu einer h\u00fcbschen, fr\u00f6hlich-verr\u00fcckten und sehr verschmusten H\u00fcndin entwickelt und wir freuen uns darauf, mit ihr in die Kromfohrl\u00e4nder-Zucht zu starten.<\/p>\n","protected":false},"author":1,"featured_media":0,"parent":1901,"menu_order":1,"comment_status":"closed","ping_status":"closed","template":"","meta":{"_monsterinsights_skip_tracking":false,"_monsterinsights_sitenote_active":false,"_monsterinsights_sitenote_note":"","_monsterinsights_sitenote_category":0,"footnotes":""},"class_list":["post-1905","page","type-page","status-publish","hentry","nodate","item-wrap"],"_links":{"self":[{"href":"https:\/\/sueggelkromis.de\/index.php?rest_route=\/wp\/v2\/pages\/1905","targetHints":{"allow":["GET"]}}],"collection":[{"href":"https:\/\/sueggelkromis.de\/index.php?rest_route=\/wp\/v2\/pages"}],"about":[{"href":"https:\/\/sueggelkromis.de\/index.php?rest_route=\/wp\/v2\/types\/page"}],"author":[{"embeddable":true,"href":"https:\/\/sueggelkromis.de\/index.php?rest_route=\/wp\/v2\/users\/1"}],"replies":[{"embeddable":true,"href":"https:\/\/sueggelkromis.de\/index.php?rest_route=%2Fwp%2Fv2%2Fcomments&post=1905"}],"version-history":[{"count":2,"href":"https:\/\/sueggelkromis.de\/index.php?rest_route=\/wp\/v2\/pages\/1905\/revisions"}],"predecessor-version":[{"id":1943,"href":"https:\/\/sueggelkromis.de\/index.php?rest_route=\/wp\/v2\/pages\/1905\/revisions\/1943"}],"up":[{"embeddable":true,"href":"https:\/\/sueggelkromis.de\/index.php?rest_route=\/wp\/v2\/pages\/1901"}],"wp:attachment":[{"href":"https:\/\/sueggelkromis.de\/index.php?rest_route=%2Fwp%2Fv2%2Fmedia&parent=1905"}],"curies":[{"name":"wp","href":"https:\/\/api.w.org\/{rel}","templated":true}]}}