{"id":1903,"date":"2023-02-25T22:06:22","date_gmt":"2023-02-25T21:06:22","guid":{"rendered":"https:\/\/sueggelkromis.de\/?page_id=1903"},"modified":"2023-03-10T19:00:11","modified_gmt":"2023-03-10T18:00:11","slug":"barky","status":"publish","type":"page","link":"https:\/\/sueggelkromis.de\/?page_id=1903","title":{"rendered":"Barky"},"content":{"rendered":"\n<p>Am 4. Juni 2016 wurde Barky von der Ruhrhalbinsel mit weiteren acht Geschwistern bei seiner Z\u00fcchterin in Essen  geboren. Seit dem 5. August 2016 begleitet er uns in unserem Zuhause in Dortmund. Alles \u00fcber sein Leben k\u00f6nnt ihr in unseren Berichten nachlesen. Wir freuen uns, diesen wunderbaren Kromfohrl\u00e4nder-R\u00fcden in unserem Leben zu haben und hoffen, dass er uns noch viele Jahre begleitet.<\/p>\n\n\n\n<figure class=\"wp-block-image size-full\"><a href=\"https:\/\/sueggelkromis.de\/wp-content\/uploads\/2021\/03\/2019-07-19-13.jpg\"><img loading=\"lazy\" decoding=\"async\" width=\"960\" height=\"640\" src=\"https:\/\/sueggelkromis.de\/wp-content\/uploads\/2021\/03\/2019-07-19-13.jpg\" alt=\"\" class=\"wp-image-1668\" srcset=\"https:\/\/sueggelkromis.de\/wp-content\/uploads\/2021\/03\/2019-07-19-13.jpg 960w, https:\/\/sueggelkromis.de\/wp-content\/uploads\/2021\/03\/2019-07-19-13-300x200.jpg 300w, https:\/\/sueggelkromis.de\/wp-content\/uploads\/2021\/03\/2019-07-19-13-768x512.jpg 768w, https:\/\/sueggelkromis.de\/wp-content\/uploads\/2021\/03\/2019-07-19-13-750x500.jpg 750w\" sizes=\"auto, (max-width: 960px) 100vw, 960px\" \/><\/a><\/figure>\n","protected":false},"excerpt":{"rendered":"<p>Am 4. Juni 2016 wurde Barky von der Ruhrhalbinsel mit weiteren acht Geschwistern bei seiner Z\u00fcchterin in Essen geboren. Seit dem 5. August 2016 begleitet er uns in unserem Zuhause in Dortmund. Alles \u00fcber sein Leben k\u00f6nnt ihr in unseren Berichten nachlesen. Wir freuen uns, diesen wunderbaren Kromfohrl\u00e4nder-R\u00fcden in unserem Leben zu haben und hoffen, &hellip; <\/p>\n<p><a class=\"more-link btn\" href=\"https:\/\/sueggelkromis.de\/?page_id=1903\">Weiterlesen<\/a><\/p>\n","protected":false},"author":1,"featured_media":0,"parent":1901,"menu_order":0,"comment_status":"closed","ping_status":"closed","template":"","meta":{"_monsterinsights_skip_tracking":false,"_monsterinsights_sitenote_active":false,"_monsterinsights_sitenote_note":"","_monsterinsights_sitenote_category":0,"footnotes":""},"class_list":["post-1903","page","type-page","status-publish","hentry","nodate","item-wrap"],"_links":{"self":[{"href":"https:\/\/sueggelkromis.de\/index.php?rest_route=\/wp\/v2\/pages\/1903","targetHints":{"allow":["GET"]}}],"collection":[{"href":"https:\/\/sueggelkromis.de\/index.php?rest_route=\/wp\/v2\/pages"}],"about":[{"href":"https:\/\/sueggelkromis.de\/index.php?rest_route=\/wp\/v2\/types\/page"}],"author":[{"embeddable":true,"href":"https:\/\/sueggelkromis.de\/index.php?rest_route=\/wp\/v2\/users\/1"}],"replies":[{"embeddable":true,"href":"https:\/\/sueggelkromis.de\/index.php?rest_route=%2Fwp%2Fv2%2Fcomments&post=1903"}],"version-history":[{"count":3,"href":"https:\/\/sueggelkromis.de\/index.php?rest_route=\/wp\/v2\/pages\/1903\/revisions"}],"predecessor-version":[{"id":1940,"href":"https:\/\/sueggelkromis.de\/index.php?rest_route=\/wp\/v2\/pages\/1903\/revisions\/1940"}],"up":[{"embeddable":true,"href":"https:\/\/sueggelkromis.de\/index.php?rest_route=\/wp\/v2\/pages\/1901"}],"wp:attachment":[{"href":"https:\/\/sueggelkromis.de\/index.php?rest_route=%2Fwp%2Fv2%2Fmedia&parent=1903"}],"curies":[{"name":"wp","href":"https:\/\/api.w.org\/{rel}","templated":true}]}}