{"id":1899,"date":"2023-02-25T22:02:11","date_gmt":"2023-02-25T21:02:11","guid":{"rendered":"https:\/\/sueggelkromis.de\/?page_id=1899"},"modified":"2023-03-10T18:26:57","modified_gmt":"2023-03-10T17:26:57","slug":"warum-rzv","status":"publish","type":"page","link":"https:\/\/sueggelkromis.de\/?page_id=1899","title":{"rendered":"Warum RZV"},"content":{"rendered":"\n<p>Wir z\u00fcchten unter dem <a href=\"https:\/\/kromfohrlaender.de\/\">Rassezuchtverein der Kromfohrl\u00e4nder e.V.<\/a>, weil das der einzige Verein ist, der die Kromfohrl\u00e4nder reinrassig unter dem Dachverband des VDH z\u00fcchtet. Der RZV pflegt die Daten all seiner Hunde in einer Zuchtdatenbank, f\u00fchrt regelm\u00e4\u00dfig Gesundheitsumfragen durch, setzt sich f\u00fcr Forschung und Studien hinsichtlich der Rasse ein und all diese Ergebnisse bilden die Basis unserer verantwortungsvollen Zuchtplanung.<\/p>\n\n\n\n<p>Jeder einzelne RZV-Kromi kann im Stammbaum bis zum Ursprung der Rasse zur\u00fcckverfolgt werden. Welcher Zuchtverband kann das schon von sich behaupten?<\/p>\n","protected":false},"excerpt":{"rendered":"<p>Wir z\u00fcchten unter dem Rassezuchtverein der Kromfohrl\u00e4nder e.V., weil das der einzige Verein ist, der die Kromfohrl\u00e4nder reinrassig unter dem Dachverband des VDH z\u00fcchtet. Der RZV pflegt die Daten all seiner Hunde in einer Zuchtdatenbank, f\u00fchrt regelm\u00e4\u00dfig Gesundheitsumfragen durch, setzt sich f\u00fcr Forschung und Studien hinsichtlich der Rasse ein und all diese Ergebnisse bilden die &hellip; <\/p>\n<p><a class=\"more-link btn\" href=\"https:\/\/sueggelkromis.de\/?page_id=1899\">Weiterlesen<\/a><\/p>\n","protected":false},"author":1,"featured_media":0,"parent":1893,"menu_order":2,"comment_status":"closed","ping_status":"closed","template":"","meta":{"_monsterinsights_skip_tracking":false,"_monsterinsights_sitenote_active":false,"_monsterinsights_sitenote_note":"","_monsterinsights_sitenote_category":0,"footnotes":""},"class_list":["post-1899","page","type-page","status-publish","hentry","nodate","item-wrap"],"_links":{"self":[{"href":"https:\/\/sueggelkromis.de\/index.php?rest_route=\/wp\/v2\/pages\/1899","targetHints":{"allow":["GET"]}}],"collection":[{"href":"https:\/\/sueggelkromis.de\/index.php?rest_route=\/wp\/v2\/pages"}],"about":[{"href":"https:\/\/sueggelkromis.de\/index.php?rest_route=\/wp\/v2\/types\/page"}],"author":[{"embeddable":true,"href":"https:\/\/sueggelkromis.de\/index.php?rest_route=\/wp\/v2\/users\/1"}],"replies":[{"embeddable":true,"href":"https:\/\/sueggelkromis.de\/index.php?rest_route=%2Fwp%2Fv2%2Fcomments&post=1899"}],"version-history":[{"count":4,"href":"https:\/\/sueggelkromis.de\/index.php?rest_route=\/wp\/v2\/pages\/1899\/revisions"}],"predecessor-version":[{"id":1934,"href":"https:\/\/sueggelkromis.de\/index.php?rest_route=\/wp\/v2\/pages\/1899\/revisions\/1934"}],"up":[{"embeddable":true,"href":"https:\/\/sueggelkromis.de\/index.php?rest_route=\/wp\/v2\/pages\/1893"}],"wp:attachment":[{"href":"https:\/\/sueggelkromis.de\/index.php?rest_route=%2Fwp%2Fv2%2Fmedia&parent=1899"}],"curies":[{"name":"wp","href":"https:\/\/api.w.org\/{rel}","templated":true}]}}