{"id":1897,"date":"2023-02-25T22:01:18","date_gmt":"2023-02-25T21:01:18","guid":{"rendered":"https:\/\/sueggelkromis.de\/?page_id=1897"},"modified":"2023-03-10T18:04:22","modified_gmt":"2023-03-10T17:04:22","slug":"warum-kromfohrlaender","status":"publish","type":"page","link":"https:\/\/sueggelkromis.de\/?page_id=1897","title":{"rendered":"Warum Kromfohrl\u00e4nder"},"content":{"rendered":"\n<p>Bei unserer damaligen Recherche, welcher Rassehund zu uns passt, sind wir nur zuf\u00e4llig im Internet auf die Kromfohrl\u00e4nder gesto\u00dfen. Im Kopf war der typische Familienhund erst der Golden Retriever. Dann kamen weitere Gedanken auf, wer tr\u00e4gt den Hund aus dem Wald, wenn er sich etwas in die Pfote getreten hat, ist so ein gro\u00dfer Hund im Wohnwagen nicht st\u00e4ndig im Weg? Also ging die Suche nach etwas kleineren Hunderassen los.<\/p>\n\n\n\n<p>Bei unserer Z\u00fcchterin konnten wir viele Spazierg\u00e4nge besuchen und uns ein genaues Bild von den Kromis machen. Schnell war uns klar, diese Hunde sind keine Langweiler, sie m\u00f6chten gefordert und gef\u00f6rdert werden. Konsequente Erziehung ben\u00f6tigt sowieso jeder Hund, die Kunst beim Kromi ist es nur, sich nicht so schnell von ihm durchschauen zu lassen. Seine Intelligenz ist eine wunderbare Eigenschaft zum Arbeiten, er nutzt sie aber auch gerne, um seine Leute detailgenau zu beobachten und unser Fehlverhalten zu seinem eigenen Vorteil zu nutzen. Der geringe Jagdtrieb hat uns \u00fcberzeugt, die Kromfohrl\u00e4nder bewegen sich immer in Sichtweite, sind sehr auf ihre Menschen bezogen und k\u00f6nnen dadurch &#8211; in geeigneter Umgebung &#8211; viel ohne Leine laufen &#8211; also wunderbare aufgeweckte und unternehmenslustige Wegbegleiter, mit denen einem nie langweilig wird.<\/p>\n\n\n\n<p>Optisch gefielen uns die glatthaarigen Kromis sofort. Der aufmerksame Blick, die schwarzen Knopfaugen und jeder Kromfohl\u00e4nder ist ein Unikat und aufgrund der Fellzeichnung unverwechselbar.<\/p>\n\n\n\n<p><\/p>\n","protected":false},"excerpt":{"rendered":"<p>Bei unserer damaligen Recherche, welcher Rassehund zu uns passt, sind wir nur zuf\u00e4llig im Internet auf die Kromfohrl\u00e4nder gesto\u00dfen. Im Kopf war der typische Familienhund erst der Golden Retriever. Dann kamen weitere Gedanken auf, wer tr\u00e4gt den Hund aus dem Wald, wenn er sich etwas in die Pfote getreten hat, ist so ein gro\u00dfer Hund &hellip; <\/p>\n<p><a class=\"more-link btn\" href=\"https:\/\/sueggelkromis.de\/?page_id=1897\">Weiterlesen<\/a><\/p>\n","protected":false},"author":1,"featured_media":0,"parent":1893,"menu_order":1,"comment_status":"closed","ping_status":"closed","template":"","meta":{"_monsterinsights_skip_tracking":false,"_monsterinsights_sitenote_active":false,"_monsterinsights_sitenote_note":"","_monsterinsights_sitenote_category":0,"footnotes":""},"class_list":["post-1897","page","type-page","status-publish","hentry","nodate","item-wrap"],"_links":{"self":[{"href":"https:\/\/sueggelkromis.de\/index.php?rest_route=\/wp\/v2\/pages\/1897","targetHints":{"allow":["GET"]}}],"collection":[{"href":"https:\/\/sueggelkromis.de\/index.php?rest_route=\/wp\/v2\/pages"}],"about":[{"href":"https:\/\/sueggelkromis.de\/index.php?rest_route=\/wp\/v2\/types\/page"}],"author":[{"embeddable":true,"href":"https:\/\/sueggelkromis.de\/index.php?rest_route=\/wp\/v2\/users\/1"}],"replies":[{"embeddable":true,"href":"https:\/\/sueggelkromis.de\/index.php?rest_route=%2Fwp%2Fv2%2Fcomments&post=1897"}],"version-history":[{"count":2,"href":"https:\/\/sueggelkromis.de\/index.php?rest_route=\/wp\/v2\/pages\/1897\/revisions"}],"predecessor-version":[{"id":1928,"href":"https:\/\/sueggelkromis.de\/index.php?rest_route=\/wp\/v2\/pages\/1897\/revisions\/1928"}],"up":[{"embeddable":true,"href":"https:\/\/sueggelkromis.de\/index.php?rest_route=\/wp\/v2\/pages\/1893"}],"wp:attachment":[{"href":"https:\/\/sueggelkromis.de\/index.php?rest_route=%2Fwp%2Fv2%2Fmedia&parent=1897"}],"curies":[{"name":"wp","href":"https:\/\/api.w.org\/{rel}","templated":true}]}}