{"id":1895,"date":"2023-02-25T21:59:31","date_gmt":"2023-02-25T20:59:31","guid":{"rendered":"https:\/\/sueggelkromis.de\/?page_id=1895"},"modified":"2023-10-03T19:07:09","modified_gmt":"2023-10-03T17:07:09","slug":"warum-wir-zuechten","status":"publish","type":"page","link":"https:\/\/sueggelkromis.de\/?page_id=1895","title":{"rendered":"Warum wir z\u00fcchten"},"content":{"rendered":"\n<p>Wir sind Tanja, Stefan, Nina und Jana aus Dortmund. Kromfohrl\u00e4nder begleiten uns seit 2016.<\/p>\n\n\n\n<p>Die Rasse der Kromfohrl\u00e4nder ist sehr klein. Wir waren sehr dankbar, unter vielen Interessenten einen Kromi bekommen zu haben und wollten deshalb gerne selbst die Rasse durch den Einsatz unseres Hundes in der Zucht unterst\u00fctzen.<\/p>\n\n\n\n<p>Als wir uns 2016 f\u00fcr Barky von der Ruhrhalbinsel entschieden haben, haben wir bewusst einen R\u00fcden ausgew\u00e4hlt, da wir uns in der damaligen Situation den Aufwand der Zucht mit einer H\u00fcndin nicht vorstellen konnten. Wir besuchten mit ihm Ausstellungen und die K\u00f6rung bestand er mit Bravour. Wir hatten auch einige Anfragen f\u00fcr ihn. Leider erkrankte er ganz kurzfristig vor seinem ersten Deckeinsatz an <a href=\"https:\/\/sueggelkromis.de\/?p=2325\">Cystinurie<\/a>, war damit aus der Zucht raus und musste im Zug der Blasen-OP kastriert werden, da die Cystinurie beim Kromfohrl\u00e4nder testosteronbedingt ist. Der Traum von vielen kleinen Barky-Welpen war Geschichte, aber wir sind froh, dass er die Operation gut \u00fcberstanden hat und uns weiterhin ein toller Begleiter ist.<\/p>\n\n\n\n<p>Mit der Zeit wuchs der Wunsch nach einem Zweithund und obwohl der Zeitpunkt nicht ganz perfekt war, zog 2021 Doria von der Ruhrhalbinsel bei uns ein. Ihre Mutter war Binou, Barkys Schwester. Der Gedanke, mit Doria zu z\u00fcchten wuchs immer st\u00e4rker in uns heran, aber der Aufwand schreckte uns immer noch etwas ab. Als am 01.12.2021 Binou an einer Babesien-Infektion starb, waren wir sehr traurig und uns gleichzeitig sofort sicher, dass wir mit Doria Binous Gene weitergeben m\u00f6chten. Doria sieht ihrer Mama nicht nur sehr \u00e4hnlich, sie zeigt auch viele Verhaltensweisen von Binou und ihre liebenswert-verr\u00fcckte Art m\u00f6chten wir unbedingt an weitere Kromfohrl\u00e4nder vererben.<\/p>\n","protected":false},"excerpt":{"rendered":"<p>Wir sind Tanja, Stefan, Nina und Jana aus Dortmund. Kromfohrl\u00e4nder begleiten uns seit 2016. Die Rasse der Kromfohrl\u00e4nder ist sehr klein. Wir waren sehr dankbar, unter vielen Interessenten einen Kromi bekommen zu haben und wollten deshalb gerne selbst die Rasse durch den Einsatz unseres Hundes in der Zucht unterst\u00fctzen. Als wir uns 2016 f\u00fcr Barky &hellip; <\/p>\n<p><a class=\"more-link btn\" href=\"https:\/\/sueggelkromis.de\/?page_id=1895\">Weiterlesen<\/a><\/p>\n","protected":false},"author":1,"featured_media":0,"parent":1893,"menu_order":0,"comment_status":"closed","ping_status":"closed","template":"","meta":{"_monsterinsights_skip_tracking":false,"_monsterinsights_sitenote_active":false,"_monsterinsights_sitenote_note":"","_monsterinsights_sitenote_category":0,"footnotes":""},"class_list":["post-1895","page","type-page","status-publish","hentry","nodate","item-wrap"],"_links":{"self":[{"href":"https:\/\/sueggelkromis.de\/index.php?rest_route=\/wp\/v2\/pages\/1895","targetHints":{"allow":["GET"]}}],"collection":[{"href":"https:\/\/sueggelkromis.de\/index.php?rest_route=\/wp\/v2\/pages"}],"about":[{"href":"https:\/\/sueggelkromis.de\/index.php?rest_route=\/wp\/v2\/types\/page"}],"author":[{"embeddable":true,"href":"https:\/\/sueggelkromis.de\/index.php?rest_route=\/wp\/v2\/users\/1"}],"replies":[{"embeddable":true,"href":"https:\/\/sueggelkromis.de\/index.php?rest_route=%2Fwp%2Fv2%2Fcomments&post=1895"}],"version-history":[{"count":6,"href":"https:\/\/sueggelkromis.de\/index.php?rest_route=\/wp\/v2\/pages\/1895\/revisions"}],"predecessor-version":[{"id":2916,"href":"https:\/\/sueggelkromis.de\/index.php?rest_route=\/wp\/v2\/pages\/1895\/revisions\/2916"}],"up":[{"embeddable":true,"href":"https:\/\/sueggelkromis.de\/index.php?rest_route=\/wp\/v2\/pages\/1893"}],"wp:attachment":[{"href":"https:\/\/sueggelkromis.de\/index.php?rest_route=%2Fwp%2Fv2%2Fmedia&parent=1895"}],"curies":[{"name":"wp","href":"https:\/\/api.w.org\/{rel}","templated":true}]}}