{"id":1076,"date":"2017-09-18T21:44:59","date_gmt":"2017-09-18T19:44:59","guid":{"rendered":"http:\/\/kromi-barky.de\/?page_id=1076"},"modified":"2023-10-03T20:53:12","modified_gmt":"2023-10-03T18:53:12","slug":"gaestebuch","status":"publish","type":"page","link":"https:\/\/sueggelkromis.de\/?page_id=1076","title":{"rendered":"G\u00e4stebuch"},"content":{"rendered":"<div class=\"gwolle-gb\"><div class=\"gwolle-gb-messages-top-container\"><\/div>\n\t\t\t<div class=\"gwolle-gb-write-button\">\n\t\t\t\t<input type=\"button\" name=\"gwolle-gb-write-button\" class=\"button btn btn-default \" value=\"Neuen Eintrag schreiben\" aria-expanded=\"false\" \/>\n\t\t\t<\/div>\n\t\t\t<form action=\"#\" method=\"POST\" class=\"gwolle-gb-write gwolle-gb-hide gwolle-gb-float gwolle-gb-form-ajax gwolle-gb-ajax gwolle-gb-not-logged-in\">\n\t\t\t\t<h3>Einen neuen Eintrag f\u00fcr das G\u00e4stebuch schreiben<\/h3>\n\t\t\t\t<button type=\"button\" class=\"gb-notice-dismiss\">x<span class=\"screen-reader-text\">Dieses Formular ausblenden<\/span><\/button>\n\t\t\t\n\t\t\t\t<input type=\"hidden\" name=\"gwolle_gb_function\" class=\"gwolle_gb_function\" value=\"add_entry\" \/><input type=\"hidden\" name=\"gwolle_gb_book_id\" class=\"gwolle_gb_book_id\" value=\"1\" \/><div class=\"gwolle_gb_ff5e502ce66d859b6e6d5e6f44b2e47a\">\n\t\t\t\t<div class=\"label\"><label for=\"gwolle_gb_ff5e502ce66d859b6e6d5e6f44b2e47a-1\" class=\"text-info\">Name <span class=\"required\">*<\/span><\/label><\/div>\n\t\t\t\t<div class=\"input\"><input class=\"wp-exclude-emoji gwolle_gb_ff5e502ce66d859b6e6d5e6f44b2e47a\" value=\"\" type=\"text\" id=\"gwolle_gb_ff5e502ce66d859b6e6d5e6f44b2e47a-1\" name=\"gwolle_gb_ff5e502ce66d859b6e6d5e6f44b2e47a\" required \/><\/div>\n\t\t\t\t<div class=\"clearBoth\">&nbsp;<\/div>\n\t\t\t<\/div><div class=\"gwolle_gb_66d076bd695e39582d64260635e63242\">\n\t\t\t\t\t<div class=\"label\"><label for=\"gwolle_gb_66d076bd695e39582d64260635e63242-1\" class=\"text-info\">Stadt<\/label><\/div>\n\t\t\t\t\t<div class=\"input\"><input class=\"wp-exclude-emoji gwolle_gb_66d076bd695e39582d64260635e63242\" value=\"\" type=\"text\" id=\"gwolle_gb_66d076bd695e39582d64260635e63242-1\" name=\"gwolle_gb_66d076bd695e39582d64260635e63242\" \/><\/div>\n\t\t\t\t\t<div class=\"clearBoth\">&nbsp;<\/div>\n\t\t\t\t<\/div><div class=\"gwolle_gb_56648f6d381e592b448134fad0b69c3e\">\n\t\t\t\t<div class=\"label\"><label for=\"gwolle_gb_56648f6d381e592b448134fad0b69c3e-1\" class=\"text-info\">E-Mail <span class=\"required\">*<\/span><\/label><\/div>\n\t\t\t\t<div class=\"input\"><input class=\"gwolle_gb_56648f6d381e592b448134fad0b69c3e\" value=\"\" type=\"email\" id=\"gwolle_gb_56648f6d381e592b448134fad0b69c3e-1\" name=\"gwolle_gb_56648f6d381e592b448134fad0b69c3e\" required \/><\/div>\n\t\t\t\t<div class=\"clearBoth\">&nbsp;<\/div>\n\t\t\t<\/div><div class=\"gwolle_gb_ef8cc001ae29059b73f585caa599ea4f\">\n\t\t\t\t<div class=\"label\"><label for=\"gwolle_gb_ef8cc001ae29059b73f585caa599ea4f-1\" class=\"text-info\">Website<\/label><\/div>\n\t\t\t\t<div class=\"input\"><input class=\"gwolle_gb_ef8cc001ae29059b73f585caa599ea4f\" value=\"\" type=\"url\" id=\"gwolle_gb_ef8cc001ae29059b73f585caa599ea4f-1\" name=\"gwolle_gb_ef8cc001ae29059b73f585caa599ea4f\" \/><\/div>\n\t\t\t\t<div class=\"clearBoth\">&nbsp;<\/div>\n\t\t\t<\/div>\n\t\t\t<div class=\"gwolle_gb_a8e81002212f5b38ce51dd69da1819a1\" style=\"display:none;overflow:hidden;\" hidden=\"true\" aria-hidden=\"true\">\n\t\t\t\t<div class=\"label\">\n\t\t\t\t\t<label for=\"gwolle_gb_a8e81002212f5b38ce51dd69da1819a1-1\" class=\"text-primary\">Hier nichts eingeben<\/label>\n\t\t\t\t\t<label for=\"gwolle_gb_4c53ff6f32c0d1dee388d069da65bdae-1\" class=\"text-primary\">Hier nichts eingeben<\/label>\n\t\t\t\t<\/div>\n\t\t\t\t<div class=\"input\">\n\t\t\t\t\t<input value=\"4\" type=\"text\" id=\"gwolle_gb_a8e81002212f5b38ce51dd69da1819a1-1\" name=\"gwolle_gb_a8e81002212f5b38ce51dd69da1819a1\" class=\"gwolle_gb_a8e81002212f5b38ce51dd69da1819a1\" style=\"transform: translateY(10000px);\" \/>\n\t\t\t\t\t<input value=\"\" type=\"text\" name=\"gwolle_gb_4c53ff6f32c0d1dee388d069da65bdae\" id=\"gwolle_gb_4c53ff6f32c0d1dee388d069da65bdae-1\" class=\"gwolle_gb_4c53ff6f32c0d1dee388d069da65bdae\" style=\"transform: translateY(10000px);\" \/>\n\t\t\t\t<\/div>\n\t\t\t\t<div class=\"clearBoth\"><\/div>\n\t\t\t<\/div>\n\t\t\t<div class=\"gwolle_gb_863631755ab496d6817c57186c63c159\" style=\"display:none;overflow:hidden;\" hidden=\"true\" aria-hidden=\"true\">\n\t\t\t\t<div class=\"label\">\n\t\t\t\t\t<label for=\"gwolle_gb_863631755ab496d6817c57186c63c159-1\" class=\"text-primary\">Hier nichts eingeben<\/label>\n\t\t\t\t\t<label for=\"gwolle_gb_469e5ea458928253c879703af0a9af87-1\" class=\"text-primary\">Hier nichts eingeben<\/label>\n\t\t\t\t<\/div>\n\t\t\t\t<div class=\"input\">\n\t\t\t\t\t<input value=\"46875\" type=\"text\" id=\"gwolle_gb_863631755ab496d6817c57186c63c159-1\" name=\"gwolle_gb_863631755ab496d6817c57186c63c159\" class=\"gwolle_gb_863631755ab496d6817c57186c63c159\" style=\"transform: translateY(10000px);\" \/>\n\t\t\t\t\t<input value=\"46875\" type=\"text\"id=\"gwolle_gb_469e5ea458928253c879703af0a9af87-1\" name=\"gwolle_gb_469e5ea458928253c879703af0a9af87\" class=\"gwolle_gb_469e5ea458928253c879703af0a9af87\" style=\"transform: translateY(10000px);\" \/>\n\t\t\t\t<\/div>\n\t\t\t\t<div class=\"clearBoth\"><\/div>\n\t\t\t<\/div><div class=\"gwolle_gb_content\">\n\t\t\t\t<div class=\"label\"><label for=\"gwolle_gb_content-1\" class=\"text-info\">G\u00e4stebucheintrag <span class=\"required\">*<\/span><\/label><\/div>\n\t\t\t\t<div class=\"input\"><textarea id=\"gwolle_gb_content-1\" name=\"gwolle_gb_content\" class=\"gwolle_gb_content wp-exclude-emoji\" required ><\/textarea><\/div>\n\t\t\t\t\t<div class=\"clearBoth\">&nbsp;<\/div>\n\t\t\t\t<\/div><input type=\"hidden\" class=\"gwolle_gb_80bb8783790dd9db212fc4d9b2a75467\" id=\"gwolle_gb_80bb8783790dd9db212fc4d9b2a75467-1\" name=\"gwolle_gb_80bb8783790dd9db212fc4d9b2a75467\" value=\"88a2ba4adf\" \/>\n\t\t\t<div class=\"gwolle-gb-messages-bottom-container\"><\/div>\n\n\t\t\t<noscript><div class=\"no-js\">Warnung: Dieses Formular kann nur verwendet werden, wenn in deinem Browser JavaScript aktiviert ist.<\/div><\/noscript>\n\n\t\t\t<div class=\"gwolle_gb_submit gwolle-gb-submit\">\n\t\t\t\t<div class=\"label gwolle-gb-invisible text-muted\">&nbsp;<\/div>\n\t\t\t\t<div class=\"input\">\n\t\t\t\t\t<input type=\"submit\" name=\"gwolle_gb_submit\" class=\"gwolle_gb_submit button btn btn-primary \" value=\"Absenden\" \/>\n\t\t\t\t\t<span class=\"gwolle_gb_submit_ajax_icon gwolle-gb-submit-ajax-icon\"><\/span>\n\t\t\t\n\t\t\t\t<\/div>\n\t\t\t\t<div class=\"clearBoth\">&nbsp;<\/div>\n\t\t\t<\/div>\n\n\t\t\t<div class=\"gwolle_gb_notice gwolle-gb-notice\">\n\t\t\t\t<br \/>\nMit * gekennzeichnete Felder sind erforderlich.<br \/>\nDeine E-Mail-Adresse wird nicht ver\u00f6ffentlicht.<br \/>\nEs ist m\u00f6glich, dass dein Eintrag im G\u00e4stebuch erst sichtbar ist, nachdem wir ihn \u00fcberpr\u00fcft haben.<br \/>\nWir behalten uns vor, Eintr\u00e4ge zu bearbeiten, zu l\u00f6schen oder nicht zu ver\u00f6ffentlichen.<br \/>\n\n\t\t\t<\/div><\/form><div class=\"gwolle-gb-read gwolle-gb-ajax gwolle-gb-entries-list\" data-book_id=\"1\" data-page_id=\"1\">\n\t\t<div id=\"gwolle-gb-total\" class=\"gwolle-gb-total\">9 Eintr\u00e4ge<\/div><!-- Gwolle-GB Entry: Default Template Loaded -->\n\t\t\t\t<div class=\"gb-entry gb-entry_326 gb-entry-count_1 gwolle-gb-uneven gwolle-gb-first\" id=\"gb-entry_326\" data-entry_id=\"326\">\n\t\t\t\t<article>\n\t\t\t\t\t<div class=\"gb-author-info\">\n\t\t\t\t\t\t<span class=\"gb-author-avatar\"><img referrerpolicy=\"no-referrer\" alt='Annette' src='https:\/\/secure.gravatar.com\/avatar\/a6e701f4e80e6ea77a9ebcdc4931b1385f59217a9a28b44d119c0bac67dffcb4?s=32&#038;d=retro&#038;r=g' srcset='https:\/\/secure.gravatar.com\/avatar\/a6e701f4e80e6ea77a9ebcdc4931b1385f59217a9a28b44d119c0bac67dffcb4?s=64&#038;d=retro&#038;r=g 2x' class='avatar avatar-32 photo' height='32' width='32' \/><\/span>\n\t\t\t\t\t\t<span class=\"gb-author-name\">Annette\n\t\t\t\t\t\t<\/span>\n\t\t\t\t\t\t<span class=\"gb-datetime\">\n\t\t\t\t\t\t\t<span class=\"gb-date\"><span class=\"gb-date-wrote-text\"> schrieb am<\/span><span class=\"gb-date-text\"> 3. Juli 2025<\/span>\n\t\t\t\t\t\t\t<\/span><span class=\"gb-time\">\n\t\t\t\t\t\t\t\t\t<span class=\"gb-time-at-text\"> um<\/span>\n\t\t\t\t\t\t\t\t\t<span class=\"gb-time-text\"> 14:02<\/span>\n\t\t\t\t\t\t\t\t<\/span>\n\t\t\t\t\t\t<\/span> \n\t\t\t\t\t<\/div>\n\t\t\t\t\t<div class=\"gb-entry-content\">Vielen Dank f\u00fcr den Tipp mit dem Gefrierbeutel zum Urin auffangen.  Es hat wunderbar geklappt.\n\t\t\t\t\t<\/div>\n\t\t\t\t<\/article>\n\t\t\t<\/div>\n\t\t\t<div class=\"gb-entry gb-entry_219 gb-entry-count_2 gwolle-gb-even\" id=\"gb-entry_219\" data-entry_id=\"219\">\n\t\t\t\t<article>\n\t\t\t\t\t<div class=\"gb-author-info\">\n\t\t\t\t\t\t<span class=\"gb-author-avatar\"><img referrerpolicy=\"no-referrer\" alt='Monika ( Mama )' src='https:\/\/secure.gravatar.com\/avatar\/95e55d052bb11d6a7b6da2c852f75b2a6cbe76f4bf783a8475228a3e0c688a3f?s=32&#038;d=retro&#038;r=g' srcset='https:\/\/secure.gravatar.com\/avatar\/95e55d052bb11d6a7b6da2c852f75b2a6cbe76f4bf783a8475228a3e0c688a3f?s=64&#038;d=retro&#038;r=g 2x' class='avatar avatar-32 photo' height='32' width='32' \/><\/span>\n\t\t\t\t\t\t<span class=\"gb-author-name\">Monika ( Mama )\n\t\t\t\t\t\t<\/span>\n\t\t\t\t\t\t<span class=\"gb-datetime\">\n\t\t\t\t\t\t\t<span class=\"gb-date\"><span class=\"gb-date-wrote-text\"> schrieb am<\/span><span class=\"gb-date-text\"> 7. Juni 2024<\/span>\n\t\t\t\t\t\t\t<\/span><span class=\"gb-time\">\n\t\t\t\t\t\t\t\t\t<span class=\"gb-time-at-text\"> um<\/span>\n\t\t\t\t\t\t\t\t\t<span class=\"gb-time-text\"> 14:12<\/span>\n\t\t\t\t\t\t\t\t<\/span>\n\t\t\t\t\t\t<\/span> \n\t\t\t\t\t<\/div>\n\t\t\t\t\t<div class=\"gb-entry-content\">WOW......... jetzt ist ist die Sommerresidenz f\u00fcr k\u00fchles \/schlechtes Wetter eingerichtet.....<br \/>\nDa w\u00fcnsche ich der kleinen Rasselbande viel Spa\u00df beim erforschen der neuen Umgebung sowie den neuen Spielger\u00e4ten.\n\t\t\t\t\t<\/div>\n\t\t\t\t<\/article>\n\t\t\t<\/div>\n\t\t\t<div class=\"gb-entry gb-entry_213 gb-entry-count_3 gwolle-gb-uneven\" id=\"gb-entry_213\" data-entry_id=\"213\">\n\t\t\t\t<article>\n\t\t\t\t\t<div class=\"gb-author-info\">\n\t\t\t\t\t\t<span class=\"gb-author-avatar\"><img referrerpolicy=\"no-referrer\" alt='Elke Bartsch' src='https:\/\/secure.gravatar.com\/avatar\/1025064673238f30cd1f5a97b9ad647f34a4bdab716220b3232a2d5e5e610a82?s=32&#038;d=retro&#038;r=g' srcset='https:\/\/secure.gravatar.com\/avatar\/1025064673238f30cd1f5a97b9ad647f34a4bdab716220b3232a2d5e5e610a82?s=64&#038;d=retro&#038;r=g 2x' class='avatar avatar-32 photo' height='32' width='32' \/><\/span>\n\t\t\t\t\t\t<span class=\"gb-author-name\"><a href=\"http:\/\/Www.zimtkromis.de\" target=\"_blank\" rel=\"nofollow noopener noreferrer\"\n\t\t\t\t\t\t\ttitle=\"Besuche die Website von Elke Bartsch: http:\/\/Www.zimtkromis.de\">Elke Bartsch<\/a>\n\t\t\t\t\t\t<\/span>\n\t\t\t\t\t\t<span class=\"gb-author-origin\">\n\t\t\t\t\t\t\t<span class=\"gb-author-origin-from-text\"> aus<\/span>\n\t\t\t\t\t\t\t<span class=\"gb-author-origin-text\"> Dortmund<\/span>\n\t\t\t\t\t\t<\/span>\n\t\t\t\t\t\t<span class=\"gb-datetime\">\n\t\t\t\t\t\t\t<span class=\"gb-date\"><span class=\"gb-date-wrote-text\"> schrieb am<\/span><span class=\"gb-date-text\"> 8. Mai 2024<\/span>\n\t\t\t\t\t\t\t<\/span><span class=\"gb-time\">\n\t\t\t\t\t\t\t\t\t<span class=\"gb-time-at-text\"> um<\/span>\n\t\t\t\t\t\t\t\t\t<span class=\"gb-time-text\"> 12:48<\/span>\n\t\t\t\t\t\t\t\t<\/span>\n\t\t\t\t\t\t<\/span> \n\t\t\t\t\t<\/div>\n\t\t\t\t\t<div class=\"gb-entry-content\">Ihr Lieben, was f\u00fcr ein spannender und  detaillierter aber vor allem gef\u00fchlvoller Bericht zur erfolgreichen Geburt eures A-Wurfs. Wieso nur kam mir einiges so bekannt vor ;-)... Ich w\u00fcnsche euch viel Freude bei der Aufzucht der kleinen Fellnasen - m\u00f6gen sie alle fein bleiben. LG Elke mit Casia und Bebba\n\t\t\t\t\t<\/div>\n\t\t\t\t<\/article>\n\t\t\t<\/div>\n\t\t\t<div class=\"gb-entry gb-entry_202 gb-entry-count_4 gwolle-gb-even\" id=\"gb-entry_202\" data-entry_id=\"202\">\n\t\t\t\t<article>\n\t\t\t\t\t<div class=\"gb-author-info\">\n\t\t\t\t\t\t<span class=\"gb-author-avatar\"><img referrerpolicy=\"no-referrer\" alt='Heidrun Mahlberg' src='https:\/\/secure.gravatar.com\/avatar\/3490228a53827d49312157342f8c84f89e85417a2bb8b903ab80d979b041a789?s=32&#038;d=retro&#038;r=g' srcset='https:\/\/secure.gravatar.com\/avatar\/3490228a53827d49312157342f8c84f89e85417a2bb8b903ab80d979b041a789?s=64&#038;d=retro&#038;r=g 2x' class='avatar avatar-32 photo' height='32' width='32' \/><\/span>\n\t\t\t\t\t\t<span class=\"gb-author-name\"><a href=\"http:\/\/kromfohrlaender-much.de\" target=\"_blank\" rel=\"nofollow noopener noreferrer\"\n\t\t\t\t\t\t\ttitle=\"Besuche die Website von Heidrun Mahlberg: http:\/\/kromfohrlaender-much.de\">Heidrun Mahlberg<\/a>\n\t\t\t\t\t\t<\/span>\n\t\t\t\t\t\t<span class=\"gb-author-origin\">\n\t\t\t\t\t\t\t<span class=\"gb-author-origin-from-text\"> aus<\/span>\n\t\t\t\t\t\t\t<span class=\"gb-author-origin-text\"> Much<\/span>\n\t\t\t\t\t\t<\/span>\n\t\t\t\t\t\t<span class=\"gb-datetime\">\n\t\t\t\t\t\t\t<span class=\"gb-date\"><span class=\"gb-date-wrote-text\"> schrieb am<\/span><span class=\"gb-date-text\"> 12. M\u00e4rz 2024<\/span>\n\t\t\t\t\t\t\t<\/span><span class=\"gb-time\">\n\t\t\t\t\t\t\t\t\t<span class=\"gb-time-at-text\"> um<\/span>\n\t\t\t\t\t\t\t\t\t<span class=\"gb-time-text\"> 16:44<\/span>\n\t\t\t\t\t\t\t\t<\/span>\n\t\t\t\t\t\t<\/span> \n\t\t\t\t\t<\/div>\n\t\t\t\t\t<div class=\"gb-entry-content\">Einen ganz herzlichen Gl\u00fcckwunsch zur Hundehochzeit auch von uns.<br \/>\nAlle Daumen sind gedr\u00fcckt f\u00fcr eine unkomplizierte Tr\u00e4chtigkeit und eine gesunden Wurf.<br \/>\nLiebe Gr\u00fc\u00dfe <br \/>\nHeidrun\n\t\t\t\t\t<\/div>\n\t\t\t\t<\/article>\n\t\t\t<\/div>\n\t\t\t<div class=\"gb-entry gb-entry_200 gb-entry-count_5 gwolle-gb-uneven\" id=\"gb-entry_200\" data-entry_id=\"200\">\n\t\t\t\t<article>\n\t\t\t\t\t<div class=\"gb-author-info\">\n\t\t\t\t\t\t<span class=\"gb-author-avatar\"><img referrerpolicy=\"no-referrer\" alt='Diana' src='https:\/\/secure.gravatar.com\/avatar\/bf0d07b5590e80e40532954973674b64d22693e848018e2b66063f00838fb76e?s=32&#038;d=retro&#038;r=g' srcset='https:\/\/secure.gravatar.com\/avatar\/bf0d07b5590e80e40532954973674b64d22693e848018e2b66063f00838fb76e?s=64&#038;d=retro&#038;r=g 2x' class='avatar avatar-32 photo' height='32' width='32' \/><\/span>\n\t\t\t\t\t\t<span class=\"gb-author-name\">Diana\n\t\t\t\t\t\t<\/span>\n\t\t\t\t\t\t<span class=\"gb-author-origin\">\n\t\t\t\t\t\t\t<span class=\"gb-author-origin-from-text\"> aus<\/span>\n\t\t\t\t\t\t\t<span class=\"gb-author-origin-text\"> Ilbesheim<\/span>\n\t\t\t\t\t\t<\/span>\n\t\t\t\t\t\t<span class=\"gb-datetime\">\n\t\t\t\t\t\t\t<span class=\"gb-date\"><span class=\"gb-date-wrote-text\"> schrieb am<\/span><span class=\"gb-date-text\"> 11. M\u00e4rz 2024<\/span>\n\t\t\t\t\t\t\t<\/span><span class=\"gb-time\">\n\t\t\t\t\t\t\t\t\t<span class=\"gb-time-at-text\"> um<\/span>\n\t\t\t\t\t\t\t\t\t<span class=\"gb-time-text\"> 19:36<\/span>\n\t\t\t\t\t\t\t\t<\/span>\n\t\t\t\t\t\t<\/span> \n\t\t\t\t\t<\/div>\n\t\t\t\t\t<div class=\"gb-entry-content\">Hallo Ihr Lieben, <br \/>\nherzlichen Gl\u00fcckwunsch zur gelungenen Hochzeit von Doria und Ihrem Auserw\u00e4hlten. <br \/>\nWir dr\u00fccken alle Daumen und Pfoten  das es geklappt hat und Doria dann vielen gesunden S\u00fcggelbach Kromis das Leben schenkt,  vorher erst einmal hoffentlich eine entspannte Tr\u00e4chtigkeit <br \/>\nLiebe Gr\u00fc\u00dfe <br \/>\nDiana mit Schwester Djuny und Tante Baily \u2665\ufe0f\ud83d\udc3e\n\t\t\t\t\t<\/div>\n\t\t\t\t<\/article>\n\t\t\t<\/div>\n\t\t\t<div class=\"gb-entry gb-entry_193 gb-entry-count_6 gwolle-gb-even\" id=\"gb-entry_193\" data-entry_id=\"193\">\n\t\t\t\t<article>\n\t\t\t\t\t<div class=\"gb-author-info\">\n\t\t\t\t\t\t<span class=\"gb-author-avatar\"><img referrerpolicy=\"no-referrer\" alt='Wolfgang &amp; Silvia M\u00fcller' src='https:\/\/secure.gravatar.com\/avatar\/60846edb82c377c4bf871abd32c4d6b2cff6c8628feba9ca379a57029c28e662?s=32&#038;d=retro&#038;r=g' srcset='https:\/\/secure.gravatar.com\/avatar\/60846edb82c377c4bf871abd32c4d6b2cff6c8628feba9ca379a57029c28e662?s=64&#038;d=retro&#038;r=g 2x' class='avatar avatar-32 photo' height='32' width='32' \/><\/span>\n\t\t\t\t\t\t<span class=\"gb-author-name\">Wolfgang & Silvia M\u00fcller\n\t\t\t\t\t\t<\/span>\n\t\t\t\t\t\t<span class=\"gb-author-origin\">\n\t\t\t\t\t\t\t<span class=\"gb-author-origin-from-text\"> aus<\/span>\n\t\t\t\t\t\t\t<span class=\"gb-author-origin-text\"> Hofheim am Taunus<\/span>\n\t\t\t\t\t\t<\/span>\n\t\t\t\t\t\t<span class=\"gb-datetime\">\n\t\t\t\t\t\t\t<span class=\"gb-date\"><span class=\"gb-date-wrote-text\"> schrieb am<\/span><span class=\"gb-date-text\"> 11. Dezember 2023<\/span>\n\t\t\t\t\t\t\t<\/span><span class=\"gb-time\">\n\t\t\t\t\t\t\t\t\t<span class=\"gb-time-at-text\"> um<\/span>\n\t\t\t\t\t\t\t\t\t<span class=\"gb-time-text\"> 9:05<\/span>\n\t\t\t\t\t\t\t\t<\/span>\n\t\t\t\t\t\t<\/span> \n\t\t\t\t\t<\/div>\n\t\t\t\t\t<div class=\"gb-entry-content\">Hallo Tanja und Stefan,<br \/>\n<br \/>\nnochmals vielen Dank f\u00fcr die Einladung zur Kromiwanderung am 9.12.<br \/>\nHat uns super gefallen und wir w\u00fcrden auch gerne bei der n\u00e4chsten mit dabei sein, wenn es terminlich passt.<br \/>\nDie Hunde sind ein Traum, vom Wesen und Verhalten war ich sehr \u00fcberrascht und angetan.<br \/>\nWir w\u00fcnschen euch schon mal ein frohes Weihnachtsfest und einen guten Rutsch ins Neue Jahr.<br \/>\nBleibt gesund und dann bis bald.<br \/>\nLiebe Gr\u00fcsse aus dem Taunus<br \/>\nWolfgang &amp; Silvia\n\t\t\t\t\t<\/div>\n\t\t\t\t<\/article>\n\t\t\t<\/div>\n\t\t\t<div class=\"gb-entry gb-entry_192 gb-entry-count_7 gwolle-gb-uneven\" id=\"gb-entry_192\" data-entry_id=\"192\">\n\t\t\t\t<article>\n\t\t\t\t\t<div class=\"gb-author-info\">\n\t\t\t\t\t\t<span class=\"gb-author-avatar\"><img referrerpolicy=\"no-referrer\" alt='Barbara Wildi' src='https:\/\/secure.gravatar.com\/avatar\/e3177abcd25cc318bd079940f324dfaa014decb4d2287bb849f8a50b5aaa4820?s=32&#038;d=retro&#038;r=g' srcset='https:\/\/secure.gravatar.com\/avatar\/e3177abcd25cc318bd079940f324dfaa014decb4d2287bb849f8a50b5aaa4820?s=64&#038;d=retro&#038;r=g 2x' class='avatar avatar-32 photo' height='32' width='32' \/><\/span>\n\t\t\t\t\t\t<span class=\"gb-author-name\"><a href=\"https:\/\/www.hegau-kromi.de\/\" target=\"_blank\" rel=\"nofollow noopener noreferrer\"\n\t\t\t\t\t\t\ttitle=\"Besuche die Website von Barbara Wildi: https:\/\/www.hegau-kromi.de\/\">Barbara Wildi<\/a>\n\t\t\t\t\t\t<\/span>\n\t\t\t\t\t\t<span class=\"gb-author-origin\">\n\t\t\t\t\t\t\t<span class=\"gb-author-origin-from-text\"> aus<\/span>\n\t\t\t\t\t\t\t<span class=\"gb-author-origin-text\"> Gottmadingen<\/span>\n\t\t\t\t\t\t<\/span>\n\t\t\t\t\t\t<span class=\"gb-datetime\">\n\t\t\t\t\t\t\t<span class=\"gb-date\"><span class=\"gb-date-wrote-text\"> schrieb am<\/span><span class=\"gb-date-text\"> 17. November 2023<\/span>\n\t\t\t\t\t\t\t<\/span><span class=\"gb-time\">\n\t\t\t\t\t\t\t\t\t<span class=\"gb-time-at-text\"> um<\/span>\n\t\t\t\t\t\t\t\t\t<span class=\"gb-time-text\"> 11:36<\/span>\n\t\t\t\t\t\t\t\t<\/span>\n\t\t\t\t\t\t<\/span> \n\t\t\t\t\t<\/div>\n\t\t\t\t\t<div class=\"gb-entry-content\">Hallo Tanja und Co.,<br \/>\r\n<br \/>\r\nEine sehr bunte und informative Homepage habt ihr da gestaltet.<br \/>\r\nWir w\u00fcnschen euch f\u00fcr das Abenteuer Zucht und euren ersten Wurf nur das Allerbeste, Gl\u00fcck, Freude, gute Nerven, viel Erfolg und nat\u00fcrlich einen h\u00fcbschen und gesunden Haufen kleiner Kromi-Babies.<br \/>\r\nWir sind sehr gespannt wie es weitergeht. <br \/>\r\nLiebe Gr\u00fc\u00dfe aus dem &#034;wilden Hegau&#034;.\n\t\t\t\t\t<\/div>\n\t\t\t\t<\/article>\n\t\t\t<\/div>\n\t\t\t<div class=\"gb-entry gb-entry_191 gb-entry-count_8 gwolle-gb-even\" id=\"gb-entry_191\" data-entry_id=\"191\">\n\t\t\t\t<article>\n\t\t\t\t\t<div class=\"gb-author-info\">\n\t\t\t\t\t\t<span class=\"gb-author-avatar\"><img referrerpolicy=\"no-referrer\" alt='Elke Bartsch' src='https:\/\/secure.gravatar.com\/avatar\/1025064673238f30cd1f5a97b9ad647f34a4bdab716220b3232a2d5e5e610a82?s=32&#038;d=retro&#038;r=g' srcset='https:\/\/secure.gravatar.com\/avatar\/1025064673238f30cd1f5a97b9ad647f34a4bdab716220b3232a2d5e5e610a82?s=64&#038;d=retro&#038;r=g 2x' class='avatar avatar-32 photo' height='32' width='32' \/><\/span>\n\t\t\t\t\t\t<span class=\"gb-author-name\"><a href=\"http:\/\/Www.zimtkromis.de\" target=\"_blank\" rel=\"nofollow noopener noreferrer\"\n\t\t\t\t\t\t\ttitle=\"Besuche die Website von Elke Bartsch: http:\/\/Www.zimtkromis.de\">Elke Bartsch<\/a>\n\t\t\t\t\t\t<\/span>\n\t\t\t\t\t\t<span class=\"gb-author-origin\">\n\t\t\t\t\t\t\t<span class=\"gb-author-origin-from-text\"> aus<\/span>\n\t\t\t\t\t\t\t<span class=\"gb-author-origin-text\"> Dortmund<\/span>\n\t\t\t\t\t\t<\/span>\n\t\t\t\t\t\t<span class=\"gb-datetime\">\n\t\t\t\t\t\t\t<span class=\"gb-date\"><span class=\"gb-date-wrote-text\"> schrieb am<\/span><span class=\"gb-date-text\"> 13. M\u00e4rz 2023<\/span>\n\t\t\t\t\t\t\t<\/span><span class=\"gb-time\">\n\t\t\t\t\t\t\t\t\t<span class=\"gb-time-at-text\"> um<\/span>\n\t\t\t\t\t\t\t\t\t<span class=\"gb-time-text\"> 14:16<\/span>\n\t\t\t\t\t\t\t\t<\/span>\n\t\t\t\t\t\t<\/span> \n\t\t\t\t\t<\/div>\n\t\t\t\t\t<div class=\"gb-entry-content\">Hallo aus Dorstfeld nach Brechten, ich freue mich \u00fcber vieles, \u00fcber unsere mittlerweile etablierte Kromi-Do-Runde, \u00fcber unser reges Miteinander und \u00fcber vieles mehr. Ohne unsere Kromis h\u00e4tten wir uns ja erst gar nicht kennengelernt. Und jetzt ziehen wir gemeinsam an einem Strick. <br \/>\r\nAber noch mehr freue ich mich \u00fcber eure gelungene neue Homepage. Infos, Bilder, Ziele, Beweggr\u00fcnde... alles da. Sehr sch\u00f6n<br \/>\r\nEure Elke mit Casia\n\t\t\t\t\t<\/div>\n\t\t\t\t<\/article>\n\t\t\t<\/div>\n\t\t\t<div class=\"gb-entry gb-entry_46 gb-entry-count_9 gwolle-gb-uneven\" id=\"gb-entry_46\" data-entry_id=\"46\">\n\t\t\t\t<article>\n\t\t\t\t\t<div class=\"gb-author-info\">\n\t\t\t\t\t\t<span class=\"gb-author-avatar\"><img referrerpolicy=\"no-referrer\" alt='Marianne Padberg' src='https:\/\/secure.gravatar.com\/avatar\/490159d745a43cec16dd1ddc0c62143a4e1ba02b127a4e2bf916dd64e9b246bc?s=32&#038;d=retro&#038;r=g' srcset='https:\/\/secure.gravatar.com\/avatar\/490159d745a43cec16dd1ddc0c62143a4e1ba02b127a4e2bf916dd64e9b246bc?s=64&#038;d=retro&#038;r=g 2x' class='avatar avatar-32 photo' height='32' width='32' \/><\/span>\n\t\t\t\t\t\t<span class=\"gb-author-name\">Marianne Padberg\n\t\t\t\t\t\t<\/span>\n\t\t\t\t\t\t<span class=\"gb-author-origin\">\n\t\t\t\t\t\t\t<span class=\"gb-author-origin-from-text\"> aus<\/span>\n\t\t\t\t\t\t\t<span class=\"gb-author-origin-text\"> Grevenbroich<\/span>\n\t\t\t\t\t\t<\/span>\n\t\t\t\t\t\t<span class=\"gb-datetime\">\n\t\t\t\t\t\t\t<span class=\"gb-date\"><span class=\"gb-date-wrote-text\"> schrieb am<\/span><span class=\"gb-date-text\"> 17. April 2019<\/span>\n\t\t\t\t\t\t\t<\/span><span class=\"gb-time\">\n\t\t\t\t\t\t\t\t\t<span class=\"gb-time-at-text\"> um<\/span>\n\t\t\t\t\t\t\t\t\t<span class=\"gb-time-text\"> 14:00<\/span>\n\t\t\t\t\t\t\t\t<\/span>\n\t\t\t\t\t\t<\/span> \n\t\t\t\t\t<\/div>\n\t\t\t\t\t<div class=\"gb-entry-content\">Hallo Tanja, tolle Seite und sehr viel Information \u00fcber die Pr\u00f6belphase. Kann ich gut nachvollziehen!! Liebe Gr\u00fc\u00dfe Marianne und Anton\n\t\t\t\t\t<\/div>\n\t\t\t\t<\/article>\n\t\t\t<\/div>\n\t\t\t<\/div><\/div>\n","protected":false},"excerpt":{"rendered":"","protected":false},"author":1,"featured_media":0,"parent":0,"menu_order":5,"comment_status":"closed","ping_status":"closed","template":"","meta":{"_monsterinsights_skip_tracking":false,"_monsterinsights_sitenote_active":false,"_monsterinsights_sitenote_note":"","_monsterinsights_sitenote_category":0,"footnotes":""},"class_list":["post-1076","page","type-page","status-publish","hentry","nodate","item-wrap"],"_links":{"self":[{"href":"https:\/\/sueggelkromis.de\/index.php?rest_route=\/wp\/v2\/pages\/1076","targetHints":{"allow":["GET"]}}],"collection":[{"href":"https:\/\/sueggelkromis.de\/index.php?rest_route=\/wp\/v2\/pages"}],"about":[{"href":"https:\/\/sueggelkromis.de\/index.php?rest_route=\/wp\/v2\/types\/page"}],"author":[{"embeddable":true,"href":"https:\/\/sueggelkromis.de\/index.php?rest_route=\/wp\/v2\/users\/1"}],"replies":[{"embeddable":true,"href":"https:\/\/sueggelkromis.de\/index.php?rest_route=%2Fwp%2Fv2%2Fcomments&post=1076"}],"version-history":[{"count":1,"href":"https:\/\/sueggelkromis.de\/index.php?rest_route=\/wp\/v2\/pages\/1076\/revisions"}],"predecessor-version":[{"id":1077,"href":"https:\/\/sueggelkromis.de\/index.php?rest_route=\/wp\/v2\/pages\/1076\/revisions\/1077"}],"wp:attachment":[{"href":"https:\/\/sueggelkromis.de\/index.php?rest_route=%2Fwp%2Fv2%2Fmedia&parent=1076"}],"curies":[{"name":"wp","href":"https:\/\/api.w.org\/{rel}","templated":true}]}}